{"id":1265,"date":"2022-12-22T07:46:47","date_gmt":"2022-12-22T07:46:47","guid":{"rendered":"https:\/\/www.gruasjmarin.com\/camions-grua-grues-autocarregants\/"},"modified":"2024-12-17T07:44:37","modified_gmt":"2024-12-17T07:44:37","slug":"camions-grua-grues-autocarregants","status":"publish","type":"page","link":"https:\/\/www.gruasjmarin.com\/ca\/camions-grua-grues-autocarregants\/","title":{"rendered":"Camions Grua &#8211; Grues autocarregants"},"content":{"rendered":"\n<h5 class=\"wp-block-heading\">Disposem d&#8217;una \u00e0mplia gamma de camions grua (o grues autocarregants) amb diferents caracter\u00edstiques especials per realitzar els seus treballs de la forma m\u00e9s r\u00e1pida i segura.<\/h5>\n\n<div style=\"height:50px\" aria-hidden=\"true\" class=\"wp-block-spacer\"><\/div>\n\n<div class=\"wp-block-columns is-layout-flex wp-container-core-columns-is-layout-28f84493 wp-block-columns-is-layout-flex\">\n<div class=\"wp-block-column shadow is-layout-flow wp-block-column-is-layout-flow\">\n<figure class=\"wp-block-image size-full zoom\"><a href=\"https:\/\/www.gruasjmarin.com\/wp-content\/uploads\/2022\/12\/camion-grua-6tm.jpg\"><img loading=\"lazy\" decoding=\"async\" width=\"886\" height=\"472\" src=\"https:\/\/www.gruasjmarin.com\/wp-content\/uploads\/2022\/12\/camion-grua-6tm.jpg\" alt=\"\" class=\"wp-image-307\" srcset=\"https:\/\/www.gruasjmarin.com\/wp-content\/uploads\/2022\/12\/camion-grua-6tm.jpg 886w, https:\/\/www.gruasjmarin.com\/wp-content\/uploads\/2022\/12\/camion-grua-6tm-300x160.jpg 300w, https:\/\/www.gruasjmarin.com\/wp-content\/uploads\/2022\/12\/camion-grua-6tm-768x409.jpg 768w\" sizes=\"auto, (max-width: 886px) 100vw, 886px\" \/><\/a><\/figure>\n\n\n\n<div style=\"height:20px\" aria-hidden=\"true\" class=\"wp-block-spacer\"><\/div>\n\n\n\n<h6 class=\"wp-block-heading has-text-align-center\">CAMI\u00d3 GRUA 6 TM<\/h6>\n\n\n\n<p class=\"has-text-align-center\"><a href=\"https:\/\/www.gruasjmarin.com\/wp-content\/uploads\/2022\/12\/camion-grua-6tm-especificaciones.jpg\" data-type=\"attachment\" data-id=\"387\">veure especificacions<\/a><\/p>\n<\/div>\n\n\n\n<div class=\"wp-block-column shadow is-layout-flow wp-block-column-is-layout-flow\">\n<figure class=\"wp-block-image size-full zoom\"><a href=\"https:\/\/www.gruasjmarin.com\/wp-content\/uploads\/2022\/12\/camion-grua-trasera-11tm.jpg\"><img loading=\"lazy\" decoding=\"async\" width=\"886\" height=\"472\" src=\"https:\/\/www.gruasjmarin.com\/wp-content\/uploads\/2022\/12\/camion-grua-trasera-11tm.jpg\" alt=\"\" class=\"wp-image-316\" srcset=\"https:\/\/www.gruasjmarin.com\/wp-content\/uploads\/2022\/12\/camion-grua-trasera-11tm.jpg 886w, https:\/\/www.gruasjmarin.com\/wp-content\/uploads\/2022\/12\/camion-grua-trasera-11tm-300x160.jpg 300w, https:\/\/www.gruasjmarin.com\/wp-content\/uploads\/2022\/12\/camion-grua-trasera-11tm-768x409.jpg 768w\" sizes=\"auto, (max-width: 886px) 100vw, 886px\" \/><\/a><\/figure>\n\n\n\n<div style=\"height:20px\" aria-hidden=\"true\" class=\"wp-block-spacer\"><\/div>\n\n\n\n<h6 class=\"wp-block-heading has-text-align-center\">CAMI\u00d3 GRUA TRASERA 11 TM<\/h6>\n\n\n\n<p class=\"has-text-align-center\"><a href=\"https:\/\/www.gruasjmarin.com\/wp-content\/uploads\/2022\/12\/camion-grua-trasera-11tm-especificaciones.jpg\" data-type=\"attachment\" data-id=\"435\">veure especificacions<\/a><\/p>\n<\/div>\n\n\n\n<div class=\"wp-block-column shadow is-layout-flow wp-block-column-is-layout-flow\">\n<figure class=\"wp-block-image size-full zoom\"><a href=\"https:\/\/www.gruasjmarin.com\/wp-content\/uploads\/2022\/12\/CAMION-GRUA-21-TM-CON-RAMPAS.png\"><img loading=\"lazy\" decoding=\"async\" width=\"886\" height=\"472\" src=\"https:\/\/www.gruasjmarin.com\/wp-content\/uploads\/2022\/12\/CAMION-GRUA-21-TM-CON-RAMPAS.png\" alt=\"\" class=\"wp-image-319\" srcset=\"https:\/\/www.gruasjmarin.com\/wp-content\/uploads\/2022\/12\/CAMION-GRUA-21-TM-CON-RAMPAS.png 886w, https:\/\/www.gruasjmarin.com\/wp-content\/uploads\/2022\/12\/CAMION-GRUA-21-TM-CON-RAMPAS-300x160.png 300w, https:\/\/www.gruasjmarin.com\/wp-content\/uploads\/2022\/12\/CAMION-GRUA-21-TM-CON-RAMPAS-768x409.png 768w\" sizes=\"auto, (max-width: 886px) 100vw, 886px\" \/><\/a><\/figure>\n\n\n\n<div style=\"height:20px\" aria-hidden=\"true\" class=\"wp-block-spacer\"><\/div>\n\n\n\n<h6 class=\"wp-block-heading has-text-align-center\">CAMI\u00d3 GRUA 21 TM AMB RAMPES<\/h6>\n\n\n\n<p class=\"has-text-align-center\"><a href=\"https:\/\/www.gruasjmarin.com\/wp-content\/uploads\/2024\/12\/CAMION-GRUA-21-TM-CON-RAMPAS-especificaciones.jpg\">veure especificacions<\/a><\/p>\n<\/div>\n<\/div>\n\n<div class=\"wp-block-columns is-layout-flex wp-container-core-columns-is-layout-28f84493 wp-block-columns-is-layout-flex\">\n<div class=\"wp-block-column shadow is-layout-flow wp-block-column-is-layout-flow\">\n<figure class=\"wp-block-image size-full zoom\"><a href=\"https:\/\/www.gruasjmarin.com\/wp-content\/uploads\/2024\/12\/CAMION_GRUA_TRASERA_22TM.jpg\"><img loading=\"lazy\" decoding=\"async\" width=\"886\" height=\"472\" src=\"https:\/\/www.gruasjmarin.com\/wp-content\/uploads\/2024\/12\/CAMION_GRUA_TRASERA_22TM.jpg\" alt=\"\" class=\"wp-image-1793\" srcset=\"https:\/\/www.gruasjmarin.com\/wp-content\/uploads\/2024\/12\/CAMION_GRUA_TRASERA_22TM.jpg 886w, https:\/\/www.gruasjmarin.com\/wp-content\/uploads\/2024\/12\/CAMION_GRUA_TRASERA_22TM-300x160.jpg 300w, https:\/\/www.gruasjmarin.com\/wp-content\/uploads\/2024\/12\/CAMION_GRUA_TRASERA_22TM-768x409.jpg 768w\" sizes=\"auto, (max-width: 886px) 100vw, 886px\" \/><\/a><\/figure>\n\n\n\n<div style=\"height:20px\" aria-hidden=\"true\" class=\"wp-block-spacer\"><\/div>\n\n\n\n<h6 class=\"wp-block-heading has-text-align-center\">CAMI\u00d3 GRUA TRASERA 22 TM<\/h6>\n\n\n\n<p class=\"has-text-align-center\"><a href=\"https:\/\/www.gruasjmarin.com\/wp-content\/uploads\/2024\/12\/especificaciones-camion-grua-trasea-22TM.jpg\">veure especificacions<\/a><\/p>\n<\/div>\n\n\n\n<div class=\"wp-block-column shadow is-layout-flow wp-block-column-is-layout-flow\">\n<figure class=\"wp-block-image size-full zoom\"><a href=\"https:\/\/www.gruasjmarin.com\/wp-content\/uploads\/2022\/12\/CAMION-GRUA-38TM.jpg\"><img loading=\"lazy\" decoding=\"async\" width=\"886\" height=\"472\" src=\"https:\/\/www.gruasjmarin.com\/wp-content\/uploads\/2022\/12\/CAMION-GRUA-38TM.jpg\" alt=\"\" class=\"wp-image-324\" srcset=\"https:\/\/www.gruasjmarin.com\/wp-content\/uploads\/2022\/12\/CAMION-GRUA-38TM.jpg 886w, https:\/\/www.gruasjmarin.com\/wp-content\/uploads\/2022\/12\/CAMION-GRUA-38TM-300x160.jpg 300w, https:\/\/www.gruasjmarin.com\/wp-content\/uploads\/2022\/12\/CAMION-GRUA-38TM-768x409.jpg 768w\" sizes=\"auto, (max-width: 886px) 100vw, 886px\" \/><\/a><\/figure>\n\n\n\n<div style=\"height:20px\" aria-hidden=\"true\" class=\"wp-block-spacer\"><\/div>\n\n\n\n<h6 class=\"wp-block-heading has-text-align-center\">CAMI\u00d3 GRUA 38TM<\/h6>\n\n\n\n<p class=\"has-text-align-center\"><a href=\"https:\/\/www.gruasjmarin.com\/wp-content\/uploads\/2023\/01\/CAMION-GRUA-38TM-especificiaciones.png\" data-type=\"attachment\" data-id=\"446\">veure especificacions<\/a><\/p>\n<\/div>\n\n\n\n<div class=\"wp-block-column shadow is-layout-flow wp-block-column-is-layout-flow\">\n<figure class=\"wp-block-image size-full zoom\"><a href=\"https:\/\/www.gruasjmarin.com\/wp-content\/uploads\/2022\/12\/CAMION-GRUA-45TM.jpg\"><img loading=\"lazy\" decoding=\"async\" width=\"886\" height=\"472\" src=\"https:\/\/www.gruasjmarin.com\/wp-content\/uploads\/2022\/12\/CAMION-GRUA-45TM.jpg\" alt=\"\" class=\"wp-image-326\" srcset=\"https:\/\/www.gruasjmarin.com\/wp-content\/uploads\/2022\/12\/CAMION-GRUA-45TM.jpg 886w, https:\/\/www.gruasjmarin.com\/wp-content\/uploads\/2022\/12\/CAMION-GRUA-45TM-300x160.jpg 300w, https:\/\/www.gruasjmarin.com\/wp-content\/uploads\/2022\/12\/CAMION-GRUA-45TM-768x409.jpg 768w\" sizes=\"auto, (max-width: 886px) 100vw, 886px\" \/><\/a><\/figure>\n\n\n\n<div style=\"height:20px\" aria-hidden=\"true\" class=\"wp-block-spacer\"><\/div>\n\n\n\n<h6 class=\"wp-block-heading has-text-align-center\">CAMI\u00d3 GRUA 45TM<\/h6>\n\n\n\n<p class=\"has-text-align-center\"><a href=\"https:\/\/www.gruasjmarin.com\/wp-content\/uploads\/2023\/01\/CAMION-GRUA-45TM-especificaciones.jpg\" data-type=\"attachment\" data-id=\"448\">veure especificacions<\/a><\/p>\n<\/div>\n<\/div>\n\n<div class=\"wp-block-columns is-layout-flex wp-container-core-columns-is-layout-28f84493 wp-block-columns-is-layout-flex\">\n<div class=\"wp-block-column shadow is-layout-flow wp-block-column-is-layout-flow\">\n<figure class=\"wp-block-image size-full zoom\"><a href=\"https:\/\/www.gruasjmarin.com\/wp-content\/uploads\/2022\/12\/CAMION-GRUA-45-TM-CON-JIB.jpg\"><img loading=\"lazy\" decoding=\"async\" width=\"886\" height=\"472\" src=\"https:\/\/www.gruasjmarin.com\/wp-content\/uploads\/2022\/12\/CAMION-GRUA-45-TM-CON-JIB.jpg\" alt=\"\" class=\"wp-image-329\" srcset=\"https:\/\/www.gruasjmarin.com\/wp-content\/uploads\/2022\/12\/CAMION-GRUA-45-TM-CON-JIB.jpg 886w, https:\/\/www.gruasjmarin.com\/wp-content\/uploads\/2022\/12\/CAMION-GRUA-45-TM-CON-JIB-300x160.jpg 300w, https:\/\/www.gruasjmarin.com\/wp-content\/uploads\/2022\/12\/CAMION-GRUA-45-TM-CON-JIB-768x409.jpg 768w\" sizes=\"auto, (max-width: 886px) 100vw, 886px\" \/><\/a><\/figure>\n\n\n\n<div style=\"height:20px\" aria-hidden=\"true\" class=\"wp-block-spacer\"><\/div>\n\n\n\n<h6 class=\"wp-block-heading has-text-align-center\">CAMI\u00d3 GRUA 45 TM AMB JIB<\/h6>\n\n\n\n<p class=\"has-text-align-center\"><a href=\"https:\/\/www.gruasjmarin.com\/wp-content\/uploads\/2023\/01\/CAMION-GRUA-45-TM-CON-JIB-especificaciones.jpg\" data-type=\"attachment\" data-id=\"451\">veure especificacions<\/a><\/p>\n<\/div>\n\n\n\n<div class=\"wp-block-column shadow is-layout-flow wp-block-column-is-layout-flow\">\n<figure class=\"wp-block-image size-full zoom\"><a href=\"https:\/\/www.gruasjmarin.com\/wp-content\/uploads\/2022\/12\/CAMION-GRUA-46-TM-CON-REMOLQUE.jpg\"><img loading=\"lazy\" decoding=\"async\" width=\"886\" height=\"472\" src=\"https:\/\/www.gruasjmarin.com\/wp-content\/uploads\/2022\/12\/CAMION-GRUA-46-TM-CON-REMOLQUE.jpg\" alt=\"\" class=\"wp-image-331\" srcset=\"https:\/\/www.gruasjmarin.com\/wp-content\/uploads\/2022\/12\/CAMION-GRUA-46-TM-CON-REMOLQUE.jpg 886w, https:\/\/www.gruasjmarin.com\/wp-content\/uploads\/2022\/12\/CAMION-GRUA-46-TM-CON-REMOLQUE-300x160.jpg 300w, https:\/\/www.gruasjmarin.com\/wp-content\/uploads\/2022\/12\/CAMION-GRUA-46-TM-CON-REMOLQUE-768x409.jpg 768w\" sizes=\"auto, (max-width: 886px) 100vw, 886px\" \/><\/a><\/figure>\n\n\n\n<div style=\"height:20px\" aria-hidden=\"true\" class=\"wp-block-spacer\"><\/div>\n\n\n\n<h6 class=\"wp-block-heading has-text-align-center\">CAMI\u00d3 GRUA 46 TM AMB REMOLC<\/h6>\n\n\n\n<p class=\"has-text-align-center\"><a href=\"https:\/\/www.gruasjmarin.com\/wp-content\/uploads\/2023\/01\/CAMION-GRUA-46-TM-CON-REMOLQUE-especificaciones.jpg\" data-type=\"attachment\" data-id=\"453\">veure especificacions<\/a><\/p>\n<\/div>\n\n\n\n<div class=\"wp-block-column shadow is-layout-flow wp-block-column-is-layout-flow\">\n<figure class=\"wp-block-image size-full zoom\"><a href=\"https:\/\/www.gruasjmarin.com\/wp-content\/uploads\/2024\/05\/CAMION-GRUA-66-TM.png\"><img loading=\"lazy\" decoding=\"async\" width=\"886\" height=\"472\" src=\"https:\/\/www.gruasjmarin.com\/wp-content\/uploads\/2024\/05\/CAMION-GRUA-66-TM.png\" alt=\"CAMI&#xD3; GR&#xDA;A 66TM\" class=\"wp-image-1715\" srcset=\"https:\/\/www.gruasjmarin.com\/wp-content\/uploads\/2024\/05\/CAMION-GRUA-66-TM.png 886w, https:\/\/www.gruasjmarin.com\/wp-content\/uploads\/2024\/05\/CAMION-GRUA-66-TM-300x160.png 300w, https:\/\/www.gruasjmarin.com\/wp-content\/uploads\/2024\/05\/CAMION-GRUA-66-TM-768x409.png 768w\" sizes=\"auto, (max-width: 886px) 100vw, 886px\" \/><\/a><\/figure>\n\n\n\n<div style=\"height:20px\" aria-hidden=\"true\" class=\"wp-block-spacer\"><\/div>\n\n\n\n<h6 class=\"wp-block-heading has-text-align-center\">CAMI\u00d3 GRUA 66 TM<\/h6>\n\n\n\n<p class=\"has-text-align-center\"><a href=\"https:\/\/www.gruasjmarin.com\/wp-content\/uploads\/2023\/01\/CAMION-GRUA-66-TM-especificaciones-e1715080513973.jpg\">veure especificacions<\/a><\/p>\n<\/div>\n<\/div>\n\n<div class=\"wp-block-columns is-layout-flex wp-container-core-columns-is-layout-28f84493 wp-block-columns-is-layout-flex\">\n<div class=\"wp-block-column shadow is-layout-flow wp-block-column-is-layout-flow\">\n<figure class=\"wp-block-image size-full zoom\"><a href=\"https:\/\/www.gruasjmarin.com\/wp-content\/uploads\/2024\/01\/CAMION-GRUA-70-TM.png\"><img loading=\"lazy\" decoding=\"async\" width=\"886\" height=\"472\" src=\"https:\/\/www.gruasjmarin.com\/wp-content\/uploads\/2024\/01\/CAMION-GRUA-70-TM.png\" alt=\"Cami&#xF3; 5 eixos amb grua 70TM\" class=\"wp-image-1640\" srcset=\"https:\/\/www.gruasjmarin.com\/wp-content\/uploads\/2024\/01\/CAMION-GRUA-70-TM.png 886w, https:\/\/www.gruasjmarin.com\/wp-content\/uploads\/2024\/01\/CAMION-GRUA-70-TM-300x160.png 300w, https:\/\/www.gruasjmarin.com\/wp-content\/uploads\/2024\/01\/CAMION-GRUA-70-TM-768x409.png 768w\" sizes=\"auto, (max-width: 886px) 100vw, 886px\" \/><\/a><\/figure>\n\n\n\n<div style=\"height:20px\" aria-hidden=\"true\" class=\"wp-block-spacer\"><\/div>\n\n\n\n<h6 class=\"wp-block-heading has-text-align-center\">CAMI\u00d3 GRUA 70 TM<\/h6>\n\n\n\n<p class=\"has-text-align-center\"><a href=\"https:\/\/www.gruasjmarin.com\/wp-content\/uploads\/2024\/01\/CAMION-GRUA-70-TM-especificaciones.jpg\">veure especificacions<\/a><\/p>\n<\/div>\n\n\n\n<div class=\"wp-block-column shadow is-layout-flow wp-block-column-is-layout-flow\">\n<figure class=\"wp-block-image size-full zoom\"><a href=\"https:\/\/www.gruasjmarin.com\/wp-content\/uploads\/2022\/12\/CAMION-GRUA-80-TM-CON-JIB.jpg\"><img loading=\"lazy\" decoding=\"async\" width=\"886\" height=\"472\" src=\"https:\/\/www.gruasjmarin.com\/wp-content\/uploads\/2022\/12\/CAMION-GRUA-80-TM-CON-JIB.jpg\" alt=\"\" class=\"wp-image-336\" srcset=\"https:\/\/www.gruasjmarin.com\/wp-content\/uploads\/2022\/12\/CAMION-GRUA-80-TM-CON-JIB.jpg 886w, https:\/\/www.gruasjmarin.com\/wp-content\/uploads\/2022\/12\/CAMION-GRUA-80-TM-CON-JIB-300x160.jpg 300w, https:\/\/www.gruasjmarin.com\/wp-content\/uploads\/2022\/12\/CAMION-GRUA-80-TM-CON-JIB-768x409.jpg 768w\" sizes=\"auto, (max-width: 886px) 100vw, 886px\" \/><\/a><\/figure>\n\n\n\n<div style=\"height:20px\" aria-hidden=\"true\" class=\"wp-block-spacer\"><\/div>\n\n\n\n<h6 class=\"wp-block-heading has-text-align-center\">CAMI\u00d3 GRUA 80 TM AMB JIB<\/h6>\n\n\n\n<p class=\"has-text-align-center\"><a href=\"https:\/\/www.gruasjmarin.com\/wp-content\/uploads\/2023\/01\/CAMION-GRUA-80-TM-CON-JIB-especificaciones.jpg\" data-type=\"attachment\" data-id=\"461\">veure especificacions<\/a><\/p>\n<\/div>\n\n\n\n<div class=\"wp-block-column shadow is-layout-flow wp-block-column-is-layout-flow\">\n<figure class=\"wp-block-image size-full zoom\"><a href=\"https:\/\/www.gruasjmarin.com\/wp-content\/uploads\/2022\/12\/CAMION-GRUA-110-TM-CON-JIB.jpg\"><img loading=\"lazy\" decoding=\"async\" width=\"886\" height=\"472\" src=\"https:\/\/www.gruasjmarin.com\/wp-content\/uploads\/2022\/12\/CAMION-GRUA-110-TM-CON-JIB.jpg\" alt=\"\" class=\"wp-image-337\" srcset=\"https:\/\/www.gruasjmarin.com\/wp-content\/uploads\/2022\/12\/CAMION-GRUA-110-TM-CON-JIB.jpg 886w, https:\/\/www.gruasjmarin.com\/wp-content\/uploads\/2022\/12\/CAMION-GRUA-110-TM-CON-JIB-300x160.jpg 300w, https:\/\/www.gruasjmarin.com\/wp-content\/uploads\/2022\/12\/CAMION-GRUA-110-TM-CON-JIB-768x409.jpg 768w\" sizes=\"auto, (max-width: 886px) 100vw, 886px\" \/><\/a><\/figure>\n\n\n\n<div style=\"height:20px\" aria-hidden=\"true\" class=\"wp-block-spacer\"><\/div>\n\n\n\n<h6 class=\"wp-block-heading has-text-align-center\">CAMI\u00d3 GRUA 110 TM AMB JIB<\/h6>\n\n\n\n<p class=\"has-text-align-center\"><a href=\"https:\/\/www.gruasjmarin.com\/wp-content\/uploads\/2023\/01\/CAMION-GRUA-110-TM-CON-JIB-especificaciones.jpg\" data-type=\"attachment\" data-id=\"463\">veure especificacions<\/a><\/p>\n<\/div>\n<\/div>\n","protected":false},"excerpt":{"rendered":"<p>Disposem d&#8217;una \u00e0mplia gamma de camions grua (o grues autocarregants) amb diferents caracter\u00edstiques especials per realitzar els seus treballs de la forma m\u00e9s r\u00e1pida i segura. CAMI\u00d3 GRUA 6 TM veure especificacions CAMI\u00d3 GRUA TRASERA 11 TM veure especificacions CAMI\u00d3 GRUA 21 TM AMB RAMPES veure especificacions CAMI\u00d3 GRUA TRASERA [&hellip;]<\/p>\n","protected":false},"author":1,"featured_media":1129,"parent":0,"menu_order":0,"comment_status":"closed","ping_status":"closed","template":"page-templates\/template-fullwidth.php","meta":{"footnotes":""},"class_list":["post-1265","page","type-page","status-publish","has-post-thumbnail","hentry"],"yoast_head":"<!-- This site is optimized with the Yoast SEO plugin v25.5 - https:\/\/yoast.com\/wordpress\/plugins\/seo\/ -->\n<title>Camions Grua - Grues autocarregants - Gruas J Marin<\/title>\n<meta name=\"robots\" content=\"index, follow, max-snippet:-1, max-image-preview:large, max-video-preview:-1\" \/>\n<link rel=\"canonical\" href=\"https:\/\/www.gruasjmarin.com\/ca\/camions-grua-grues-autocarregants\/\" \/>\n<meta property=\"og:locale\" content=\"ca_ES\" \/>\n<meta property=\"og:type\" content=\"article\" \/>\n<meta property=\"og:title\" content=\"Camions Grua - Grues autocarregants - Gruas J Marin\" \/>\n<meta property=\"og:description\" content=\"Disposem d&#8217;una \u00e0mplia gamma de camions grua (o grues autocarregants) amb diferents caracter\u00edstiques especials per realitzar els seus treballs de la forma m\u00e9s r\u00e1pida i segura. CAMI\u00d3 GRUA 6 TM veure especificacions CAMI\u00d3 GRUA TRASERA 11 TM veure especificacions CAMI\u00d3 GRUA 21 TM AMB RAMPES veure especificacions CAMI\u00d3 GRUA TRASERA [&hellip;]\" \/>\n<meta property=\"og:url\" content=\"https:\/\/www.gruasjmarin.com\/ca\/camions-grua-grues-autocarregants\/\" \/>\n<meta property=\"og:site_name\" content=\"Gruas J Marin\" \/>\n<meta property=\"article:publisher\" content=\"https:\/\/www.facebook.com\/gruasjmarin\/\" \/>\n<meta property=\"article:modified_time\" content=\"2024-12-17T07:44:37+00:00\" \/>\n<meta property=\"og:image\" content=\"https:\/\/www.gruasjmarin.com\/wp-content\/uploads\/2022\/12\/CAMION-GRUA-110-TM-CON-JIB.jpg\" \/>\n\t<meta property=\"og:image:width\" content=\"886\" \/>\n\t<meta property=\"og:image:height\" content=\"472\" \/>\n\t<meta property=\"og:image:type\" content=\"image\/jpeg\" \/>\n<meta name=\"twitter:card\" content=\"summary_large_image\" \/>\n<meta name=\"twitter:site\" content=\"@GRUASJMARIN\" \/>\n<meta name=\"twitter:label1\" content=\"Temps estimat de lectura\" \/>\n\t<meta name=\"twitter:data1\" content=\"1 minut\" \/>\n<script type=\"application\/ld+json\" class=\"yoast-schema-graph\">{\"@context\":\"https:\/\/schema.org\",\"@graph\":[{\"@type\":\"WebPage\",\"@id\":\"https:\/\/www.gruasjmarin.com\/ca\/camions-grua-grues-autocarregants\/\",\"url\":\"https:\/\/www.gruasjmarin.com\/ca\/camions-grua-grues-autocarregants\/\",\"name\":\"Camions Grua - Grues autocarregants - Gruas J Marin\",\"isPartOf\":{\"@id\":\"https:\/\/www.gruasjmarin.com\/ca\/#website\"},\"primaryImageOfPage\":{\"@id\":\"https:\/\/www.gruasjmarin.com\/ca\/camions-grua-grues-autocarregants\/#primaryimage\"},\"image\":{\"@id\":\"https:\/\/www.gruasjmarin.com\/ca\/camions-grua-grues-autocarregants\/#primaryimage\"},\"thumbnailUrl\":\"https:\/\/www.gruasjmarin.com\/wp-content\/uploads\/2022\/12\/CAMION-GRUA-110-TM-CON-JIB.jpg\",\"datePublished\":\"2022-12-22T07:46:47+00:00\",\"dateModified\":\"2024-12-17T07:44:37+00:00\",\"breadcrumb\":{\"@id\":\"https:\/\/www.gruasjmarin.com\/ca\/camions-grua-grues-autocarregants\/#breadcrumb\"},\"inLanguage\":\"ca\",\"potentialAction\":[{\"@type\":\"ReadAction\",\"target\":[\"https:\/\/www.gruasjmarin.com\/ca\/camions-grua-grues-autocarregants\/\"]}]},{\"@type\":\"ImageObject\",\"inLanguage\":\"ca\",\"@id\":\"https:\/\/www.gruasjmarin.com\/ca\/camions-grua-grues-autocarregants\/#primaryimage\",\"url\":\"https:\/\/www.gruasjmarin.com\/wp-content\/uploads\/2022\/12\/CAMION-GRUA-110-TM-CON-JIB.jpg\",\"contentUrl\":\"https:\/\/www.gruasjmarin.com\/wp-content\/uploads\/2022\/12\/CAMION-GRUA-110-TM-CON-JIB.jpg\",\"width\":886,\"height\":472,\"caption\":\"Cami\u00f3n gr\u00faa 110TM vista lateral\"},{\"@type\":\"BreadcrumbList\",\"@id\":\"https:\/\/www.gruasjmarin.com\/ca\/camions-grua-grues-autocarregants\/#breadcrumb\",\"itemListElement\":[{\"@type\":\"ListItem\",\"position\":1,\"name\":\"Inici\",\"item\":\"https:\/\/www.gruasjmarin.com\/ca\/\"},{\"@type\":\"ListItem\",\"position\":2,\"name\":\"Camions Grua &#8211; Grues autocarregants\"}]},{\"@type\":\"WebSite\",\"@id\":\"https:\/\/www.gruasjmarin.com\/ca\/#website\",\"url\":\"https:\/\/www.gruasjmarin.com\/ca\/\",\"name\":\"Gr\u00faas J.Marin\",\"description\":\"Especialitat en trasllat de maquin\u00e0ria\",\"publisher\":{\"@id\":\"https:\/\/www.gruasjmarin.com\/ca\/#organization\"},\"potentialAction\":[{\"@type\":\"SearchAction\",\"target\":{\"@type\":\"EntryPoint\",\"urlTemplate\":\"https:\/\/www.gruasjmarin.com\/ca\/?s={search_term_string}\"},\"query-input\":{\"@type\":\"PropertyValueSpecification\",\"valueRequired\":true,\"valueName\":\"search_term_string\"}}],\"inLanguage\":\"ca\"},{\"@type\":\"Organization\",\"@id\":\"https:\/\/www.gruasjmarin.com\/ca\/#organization\",\"name\":\"Gr\u00faas J.Marin\",\"url\":\"https:\/\/www.gruasjmarin.com\/ca\/\",\"logo\":{\"@type\":\"ImageObject\",\"inLanguage\":\"ca\",\"@id\":\"https:\/\/www.gruasjmarin.com\/ca\/#\/schema\/logo\/image\/\",\"url\":\"https:\/\/www.gruasjmarin.com\/wp-content\/uploads\/2022\/12\/logo.png\",\"contentUrl\":\"https:\/\/www.gruasjmarin.com\/wp-content\/uploads\/2022\/12\/logo.png\",\"width\":413,\"height\":72,\"caption\":\"Gr\u00faas J.Marin\"},\"image\":{\"@id\":\"https:\/\/www.gruasjmarin.com\/ca\/#\/schema\/logo\/image\/\"},\"sameAs\":[\"https:\/\/www.facebook.com\/gruasjmarin\/\",\"https:\/\/x.com\/GRUASJMARIN\",\"http:\/\/linkedin.com\/company\/gruasjmarin\"]}]}<\/script>\n<!-- \/ Yoast SEO plugin. -->","yoast_head_json":{"title":"Camions Grua - Grues autocarregants - Gruas J Marin","robots":{"index":"index","follow":"follow","max-snippet":"max-snippet:-1","max-image-preview":"max-image-preview:large","max-video-preview":"max-video-preview:-1"},"canonical":"https:\/\/www.gruasjmarin.com\/ca\/camions-grua-grues-autocarregants\/","og_locale":"ca_ES","og_type":"article","og_title":"Camions Grua - Grues autocarregants - Gruas J Marin","og_description":"Disposem d&#8217;una \u00e0mplia gamma de camions grua (o grues autocarregants) amb diferents caracter\u00edstiques especials per realitzar els seus treballs de la forma m\u00e9s r\u00e1pida i segura. CAMI\u00d3 GRUA 6 TM veure especificacions CAMI\u00d3 GRUA TRASERA 11 TM veure especificacions CAMI\u00d3 GRUA 21 TM AMB RAMPES veure especificacions CAMI\u00d3 GRUA TRASERA [&hellip;]","og_url":"https:\/\/www.gruasjmarin.com\/ca\/camions-grua-grues-autocarregants\/","og_site_name":"Gruas J Marin","article_publisher":"https:\/\/www.facebook.com\/gruasjmarin\/","article_modified_time":"2024-12-17T07:44:37+00:00","og_image":[{"width":886,"height":472,"url":"https:\/\/www.gruasjmarin.com\/wp-content\/uploads\/2022\/12\/CAMION-GRUA-110-TM-CON-JIB.jpg","type":"image\/jpeg"}],"twitter_card":"summary_large_image","twitter_site":"@GRUASJMARIN","twitter_misc":{"Temps estimat de lectura":"1 minut"},"schema":{"@context":"https:\/\/schema.org","@graph":[{"@type":"WebPage","@id":"https:\/\/www.gruasjmarin.com\/ca\/camions-grua-grues-autocarregants\/","url":"https:\/\/www.gruasjmarin.com\/ca\/camions-grua-grues-autocarregants\/","name":"Camions Grua - Grues autocarregants - Gruas J Marin","isPartOf":{"@id":"https:\/\/www.gruasjmarin.com\/ca\/#website"},"primaryImageOfPage":{"@id":"https:\/\/www.gruasjmarin.com\/ca\/camions-grua-grues-autocarregants\/#primaryimage"},"image":{"@id":"https:\/\/www.gruasjmarin.com\/ca\/camions-grua-grues-autocarregants\/#primaryimage"},"thumbnailUrl":"https:\/\/www.gruasjmarin.com\/wp-content\/uploads\/2022\/12\/CAMION-GRUA-110-TM-CON-JIB.jpg","datePublished":"2022-12-22T07:46:47+00:00","dateModified":"2024-12-17T07:44:37+00:00","breadcrumb":{"@id":"https:\/\/www.gruasjmarin.com\/ca\/camions-grua-grues-autocarregants\/#breadcrumb"},"inLanguage":"ca","potentialAction":[{"@type":"ReadAction","target":["https:\/\/www.gruasjmarin.com\/ca\/camions-grua-grues-autocarregants\/"]}]},{"@type":"ImageObject","inLanguage":"ca","@id":"https:\/\/www.gruasjmarin.com\/ca\/camions-grua-grues-autocarregants\/#primaryimage","url":"https:\/\/www.gruasjmarin.com\/wp-content\/uploads\/2022\/12\/CAMION-GRUA-110-TM-CON-JIB.jpg","contentUrl":"https:\/\/www.gruasjmarin.com\/wp-content\/uploads\/2022\/12\/CAMION-GRUA-110-TM-CON-JIB.jpg","width":886,"height":472,"caption":"Cami\u00f3n gr\u00faa 110TM vista lateral"},{"@type":"BreadcrumbList","@id":"https:\/\/www.gruasjmarin.com\/ca\/camions-grua-grues-autocarregants\/#breadcrumb","itemListElement":[{"@type":"ListItem","position":1,"name":"Inici","item":"https:\/\/www.gruasjmarin.com\/ca\/"},{"@type":"ListItem","position":2,"name":"Camions Grua &#8211; Grues autocarregants"}]},{"@type":"WebSite","@id":"https:\/\/www.gruasjmarin.com\/ca\/#website","url":"https:\/\/www.gruasjmarin.com\/ca\/","name":"Gr\u00faas J.Marin","description":"Especialitat en trasllat de maquin\u00e0ria","publisher":{"@id":"https:\/\/www.gruasjmarin.com\/ca\/#organization"},"potentialAction":[{"@type":"SearchAction","target":{"@type":"EntryPoint","urlTemplate":"https:\/\/www.gruasjmarin.com\/ca\/?s={search_term_string}"},"query-input":{"@type":"PropertyValueSpecification","valueRequired":true,"valueName":"search_term_string"}}],"inLanguage":"ca"},{"@type":"Organization","@id":"https:\/\/www.gruasjmarin.com\/ca\/#organization","name":"Gr\u00faas J.Marin","url":"https:\/\/www.gruasjmarin.com\/ca\/","logo":{"@type":"ImageObject","inLanguage":"ca","@id":"https:\/\/www.gruasjmarin.com\/ca\/#\/schema\/logo\/image\/","url":"https:\/\/www.gruasjmarin.com\/wp-content\/uploads\/2022\/12\/logo.png","contentUrl":"https:\/\/www.gruasjmarin.com\/wp-content\/uploads\/2022\/12\/logo.png","width":413,"height":72,"caption":"Gr\u00faas J.Marin"},"image":{"@id":"https:\/\/www.gruasjmarin.com\/ca\/#\/schema\/logo\/image\/"},"sameAs":["https:\/\/www.facebook.com\/gruasjmarin\/","https:\/\/x.com\/GRUASJMARIN","http:\/\/linkedin.com\/company\/gruasjmarin"]}]}},"_links":{"self":[{"href":"https:\/\/www.gruasjmarin.com\/ca\/wp-json\/wp\/v2\/pages\/1265","targetHints":{"allow":["GET"]}}],"collection":[{"href":"https:\/\/www.gruasjmarin.com\/ca\/wp-json\/wp\/v2\/pages"}],"about":[{"href":"https:\/\/www.gruasjmarin.com\/ca\/wp-json\/wp\/v2\/types\/page"}],"author":[{"embeddable":true,"href":"https:\/\/www.gruasjmarin.com\/ca\/wp-json\/wp\/v2\/users\/1"}],"replies":[{"embeddable":true,"href":"https:\/\/www.gruasjmarin.com\/ca\/wp-json\/wp\/v2\/comments?post=1265"}],"version-history":[{"count":10,"href":"https:\/\/www.gruasjmarin.com\/ca\/wp-json\/wp\/v2\/pages\/1265\/revisions"}],"predecessor-version":[{"id":1815,"href":"https:\/\/www.gruasjmarin.com\/ca\/wp-json\/wp\/v2\/pages\/1265\/revisions\/1815"}],"wp:featuredmedia":[{"embeddable":true,"href":"https:\/\/www.gruasjmarin.com\/ca\/wp-json\/wp\/v2\/media\/1129"}],"wp:attachment":[{"href":"https:\/\/www.gruasjmarin.com\/ca\/wp-json\/wp\/v2\/media?parent=1265"}],"curies":[{"name":"wp","href":"https:\/\/api.w.org\/{rel}","templated":true}]}}