{"id":1269,"date":"2023-02-09T15:42:43","date_gmt":"2023-02-09T15:42:43","guid":{"rendered":"https:\/\/www.gruasjmarin.com\/carretons-elevadors\/"},"modified":"2024-06-13T08:12:39","modified_gmt":"2024-06-13T08:12:39","slug":"carretons-elevadors","status":"publish","type":"page","link":"https:\/\/www.gruasjmarin.com\/ca\/carretons-elevadors\/","title":{"rendered":"Carretons elevadors"},"content":{"rendered":"\n<h5 class=\"wp-block-heading\">Lloguer de carretons el\u00e8ctrics amb conductor i sense. Disposem d&#8217;una \u00e0mplia gamma amb models ultra compactes amb pal triple i elevaci\u00f3 lliure per treballar en espais redu\u00efts i dins de contenidors mar\u00edtims.<\/h5>\n\n<div style=\"height:40px\" aria-hidden=\"true\" class=\"wp-block-spacer\"><\/div>\n\n<div class=\"wp-block-columns is-layout-flex wp-container-core-columns-is-layout-28f84493 wp-block-columns-is-layout-flex\">\n<div class=\"wp-block-column shadow is-layout-flow wp-block-column-is-layout-flow\">\n<figure class=\"wp-block-image size-full zoom\"><a href=\"https:\/\/www.gruasjmarin.com\/ca\/carretons-elevadors\/carretons-elevadors-diesel\/\"><img loading=\"lazy\" decoding=\"async\" width=\"886\" height=\"472\" src=\"https:\/\/www.gruasjmarin.com\/wp-content\/uploads\/2023\/02\/carretillas_diesel.jpg\" alt=\"\" class=\"wp-image-979\" srcset=\"https:\/\/www.gruasjmarin.com\/wp-content\/uploads\/2023\/02\/carretillas_diesel.jpg 886w, https:\/\/www.gruasjmarin.com\/wp-content\/uploads\/2023\/02\/carretillas_diesel-300x160.jpg 300w, https:\/\/www.gruasjmarin.com\/wp-content\/uploads\/2023\/02\/carretillas_diesel-768x409.jpg 768w\" sizes=\"auto, (max-width: 886px) 100vw, 886px\" \/><\/a><\/figure>\n\n\n\n<div style=\"height:20px\" aria-hidden=\"true\" class=\"wp-block-spacer\"><\/div>\n\n\n\n<h6 class=\"wp-block-heading has-text-align-center\"><a href=\"https:\/\/www.gruasjmarin.com\/ca\/carretons-elevadors\/carretons-elevadors-diesel\/\">CARRETONS DIESEL FINS 16 TM<\/a><\/h6>\n<\/div>\n\n\n\n<div class=\"wp-block-column shadow is-layout-flow wp-block-column-is-layout-flow\">\n<figure class=\"wp-block-image size-full zoom\"><a href=\"https:\/\/www.gruasjmarin.com\/ca\/carretons-elevadors\/carretons-elevadors-electrics\/\"><img loading=\"lazy\" decoding=\"async\" width=\"886\" height=\"472\" src=\"https:\/\/www.gruasjmarin.com\/wp-content\/uploads\/2023\/02\/carretillas_electricas.jpg\" alt=\"\" class=\"wp-image-980\" srcset=\"https:\/\/www.gruasjmarin.com\/wp-content\/uploads\/2023\/02\/carretillas_electricas.jpg 886w, https:\/\/www.gruasjmarin.com\/wp-content\/uploads\/2023\/02\/carretillas_electricas-300x160.jpg 300w, https:\/\/www.gruasjmarin.com\/wp-content\/uploads\/2023\/02\/carretillas_electricas-768x409.jpg 768w\" sizes=\"auto, (max-width: 886px) 100vw, 886px\" \/><\/a><\/figure>\n\n\n\n<div style=\"height:20px\" aria-hidden=\"true\" class=\"wp-block-spacer\"><\/div>\n\n\n\n<h6 class=\"wp-block-heading has-text-align-center\"><a href=\"https:\/\/www.gruasjmarin.com\/ca\/carretons-elevadors\/carretons-elevadors-electrics\/\">CARRETONS EL\u00c8CTRICS FINS 25 TM<\/a><\/h6>\n<\/div>\n<\/div>\n\n<div style=\"height:40px\" aria-hidden=\"true\" class=\"wp-block-spacer\"><\/div>\n","protected":false},"excerpt":{"rendered":"<p>Lloguer de carretons el\u00e8ctrics amb conductor i sense. Disposem d&#8217;una \u00e0mplia gamma amb models ultra compactes amb pal triple i elevaci\u00f3 lliure per treballar en espais redu\u00efts i dins de contenidors mar\u00edtims. CARRETONS DIESEL FINS 16 TM CARRETONS EL\u00c8CTRICS FINS 25 TM<\/p>\n","protected":false},"author":1,"featured_media":1218,"parent":0,"menu_order":0,"comment_status":"closed","ping_status":"closed","template":"page-templates\/template-fullwidth.php","meta":{"footnotes":""},"class_list":["post-1269","page","type-page","status-publish","has-post-thumbnail","hentry"],"yoast_head":"<!-- This site is optimized with the Yoast SEO plugin v25.5 - https:\/\/yoast.com\/wordpress\/plugins\/seo\/ -->\n<title>Carretons elevadors - Gruas J Marin<\/title>\n<meta name=\"robots\" content=\"index, follow, max-snippet:-1, max-image-preview:large, max-video-preview:-1\" \/>\n<link rel=\"canonical\" href=\"https:\/\/www.gruasjmarin.com\/ca\/carretons-elevadors\/\" \/>\n<meta property=\"og:locale\" content=\"ca_ES\" \/>\n<meta property=\"og:type\" content=\"article\" \/>\n<meta property=\"og:title\" content=\"Carretons elevadors - Gruas J Marin\" \/>\n<meta property=\"og:description\" content=\"Lloguer de carretons el\u00e8ctrics amb conductor i sense. Disposem d&#8217;una \u00e0mplia gamma amb models ultra compactes amb pal triple i elevaci\u00f3 lliure per treballar en espais redu\u00efts i dins de contenidors mar\u00edtims. CARRETONS DIESEL FINS 16 TM CARRETONS EL\u00c8CTRICS FINS 25 TM\" \/>\n<meta property=\"og:url\" content=\"https:\/\/www.gruasjmarin.com\/ca\/carretons-elevadors\/\" \/>\n<meta property=\"og:site_name\" content=\"Gruas J Marin\" \/>\n<meta property=\"article:publisher\" content=\"https:\/\/www.facebook.com\/gruasjmarin\/\" \/>\n<meta property=\"article:modified_time\" content=\"2024-06-13T08:12:39+00:00\" \/>\n<meta property=\"og:image\" content=\"https:\/\/www.gruasjmarin.com\/wp-content\/uploads\/2023\/02\/carretillas_diesel.jpg\" \/>\n\t<meta property=\"og:image:width\" content=\"886\" \/>\n\t<meta property=\"og:image:height\" content=\"472\" \/>\n\t<meta property=\"og:image:type\" content=\"image\/jpeg\" \/>\n<meta name=\"twitter:card\" content=\"summary_large_image\" \/>\n<meta name=\"twitter:site\" content=\"@GRUASJMARIN\" \/>\n<script type=\"application\/ld+json\" class=\"yoast-schema-graph\">{\"@context\":\"https:\/\/schema.org\",\"@graph\":[{\"@type\":\"WebPage\",\"@id\":\"https:\/\/www.gruasjmarin.com\/ca\/carretons-elevadors\/\",\"url\":\"https:\/\/www.gruasjmarin.com\/ca\/carretons-elevadors\/\",\"name\":\"Carretons elevadors - Gruas J Marin\",\"isPartOf\":{\"@id\":\"https:\/\/www.gruasjmarin.com\/ca\/#website\"},\"primaryImageOfPage\":{\"@id\":\"https:\/\/www.gruasjmarin.com\/ca\/carretons-elevadors\/#primaryimage\"},\"image\":{\"@id\":\"https:\/\/www.gruasjmarin.com\/ca\/carretons-elevadors\/#primaryimage\"},\"thumbnailUrl\":\"https:\/\/www.gruasjmarin.com\/wp-content\/uploads\/2023\/02\/carretillas_diesel.jpg\",\"datePublished\":\"2023-02-09T15:42:43+00:00\",\"dateModified\":\"2024-06-13T08:12:39+00:00\",\"breadcrumb\":{\"@id\":\"https:\/\/www.gruasjmarin.com\/ca\/carretons-elevadors\/#breadcrumb\"},\"inLanguage\":\"ca\",\"potentialAction\":[{\"@type\":\"ReadAction\",\"target\":[\"https:\/\/www.gruasjmarin.com\/ca\/carretons-elevadors\/\"]}]},{\"@type\":\"ImageObject\",\"inLanguage\":\"ca\",\"@id\":\"https:\/\/www.gruasjmarin.com\/ca\/carretons-elevadors\/#primaryimage\",\"url\":\"https:\/\/www.gruasjmarin.com\/wp-content\/uploads\/2023\/02\/carretillas_diesel.jpg\",\"contentUrl\":\"https:\/\/www.gruasjmarin.com\/wp-content\/uploads\/2023\/02\/carretillas_diesel.jpg\",\"width\":886,\"height\":472,\"caption\":\"Gr\u00faa Diesel vista lateral\"},{\"@type\":\"BreadcrumbList\",\"@id\":\"https:\/\/www.gruasjmarin.com\/ca\/carretons-elevadors\/#breadcrumb\",\"itemListElement\":[{\"@type\":\"ListItem\",\"position\":1,\"name\":\"Inici\",\"item\":\"https:\/\/www.gruasjmarin.com\/ca\/\"},{\"@type\":\"ListItem\",\"position\":2,\"name\":\"Carretons elevadors\"}]},{\"@type\":\"WebSite\",\"@id\":\"https:\/\/www.gruasjmarin.com\/ca\/#website\",\"url\":\"https:\/\/www.gruasjmarin.com\/ca\/\",\"name\":\"Gr\u00faas J.Marin\",\"description\":\"Especialitat en trasllat de maquin\u00e0ria\",\"publisher\":{\"@id\":\"https:\/\/www.gruasjmarin.com\/ca\/#organization\"},\"potentialAction\":[{\"@type\":\"SearchAction\",\"target\":{\"@type\":\"EntryPoint\",\"urlTemplate\":\"https:\/\/www.gruasjmarin.com\/ca\/?s={search_term_string}\"},\"query-input\":{\"@type\":\"PropertyValueSpecification\",\"valueRequired\":true,\"valueName\":\"search_term_string\"}}],\"inLanguage\":\"ca\"},{\"@type\":\"Organization\",\"@id\":\"https:\/\/www.gruasjmarin.com\/ca\/#organization\",\"name\":\"Gr\u00faas J.Marin\",\"url\":\"https:\/\/www.gruasjmarin.com\/ca\/\",\"logo\":{\"@type\":\"ImageObject\",\"inLanguage\":\"ca\",\"@id\":\"https:\/\/www.gruasjmarin.com\/ca\/#\/schema\/logo\/image\/\",\"url\":\"https:\/\/www.gruasjmarin.com\/wp-content\/uploads\/2022\/12\/logo.png\",\"contentUrl\":\"https:\/\/www.gruasjmarin.com\/wp-content\/uploads\/2022\/12\/logo.png\",\"width\":413,\"height\":72,\"caption\":\"Gr\u00faas J.Marin\"},\"image\":{\"@id\":\"https:\/\/www.gruasjmarin.com\/ca\/#\/schema\/logo\/image\/\"},\"sameAs\":[\"https:\/\/www.facebook.com\/gruasjmarin\/\",\"https:\/\/x.com\/GRUASJMARIN\",\"http:\/\/linkedin.com\/company\/gruasjmarin\"]}]}<\/script>\n<!-- \/ Yoast SEO plugin. -->","yoast_head_json":{"title":"Carretons elevadors - Gruas J Marin","robots":{"index":"index","follow":"follow","max-snippet":"max-snippet:-1","max-image-preview":"max-image-preview:large","max-video-preview":"max-video-preview:-1"},"canonical":"https:\/\/www.gruasjmarin.com\/ca\/carretons-elevadors\/","og_locale":"ca_ES","og_type":"article","og_title":"Carretons elevadors - Gruas J Marin","og_description":"Lloguer de carretons el\u00e8ctrics amb conductor i sense. Disposem d&#8217;una \u00e0mplia gamma amb models ultra compactes amb pal triple i elevaci\u00f3 lliure per treballar en espais redu\u00efts i dins de contenidors mar\u00edtims. CARRETONS DIESEL FINS 16 TM CARRETONS EL\u00c8CTRICS FINS 25 TM","og_url":"https:\/\/www.gruasjmarin.com\/ca\/carretons-elevadors\/","og_site_name":"Gruas J Marin","article_publisher":"https:\/\/www.facebook.com\/gruasjmarin\/","article_modified_time":"2024-06-13T08:12:39+00:00","og_image":[{"width":886,"height":472,"url":"https:\/\/www.gruasjmarin.com\/wp-content\/uploads\/2023\/02\/carretillas_diesel.jpg","type":"image\/jpeg"}],"twitter_card":"summary_large_image","twitter_site":"@GRUASJMARIN","schema":{"@context":"https:\/\/schema.org","@graph":[{"@type":"WebPage","@id":"https:\/\/www.gruasjmarin.com\/ca\/carretons-elevadors\/","url":"https:\/\/www.gruasjmarin.com\/ca\/carretons-elevadors\/","name":"Carretons elevadors - Gruas J Marin","isPartOf":{"@id":"https:\/\/www.gruasjmarin.com\/ca\/#website"},"primaryImageOfPage":{"@id":"https:\/\/www.gruasjmarin.com\/ca\/carretons-elevadors\/#primaryimage"},"image":{"@id":"https:\/\/www.gruasjmarin.com\/ca\/carretons-elevadors\/#primaryimage"},"thumbnailUrl":"https:\/\/www.gruasjmarin.com\/wp-content\/uploads\/2023\/02\/carretillas_diesel.jpg","datePublished":"2023-02-09T15:42:43+00:00","dateModified":"2024-06-13T08:12:39+00:00","breadcrumb":{"@id":"https:\/\/www.gruasjmarin.com\/ca\/carretons-elevadors\/#breadcrumb"},"inLanguage":"ca","potentialAction":[{"@type":"ReadAction","target":["https:\/\/www.gruasjmarin.com\/ca\/carretons-elevadors\/"]}]},{"@type":"ImageObject","inLanguage":"ca","@id":"https:\/\/www.gruasjmarin.com\/ca\/carretons-elevadors\/#primaryimage","url":"https:\/\/www.gruasjmarin.com\/wp-content\/uploads\/2023\/02\/carretillas_diesel.jpg","contentUrl":"https:\/\/www.gruasjmarin.com\/wp-content\/uploads\/2023\/02\/carretillas_diesel.jpg","width":886,"height":472,"caption":"Gr\u00faa Diesel vista lateral"},{"@type":"BreadcrumbList","@id":"https:\/\/www.gruasjmarin.com\/ca\/carretons-elevadors\/#breadcrumb","itemListElement":[{"@type":"ListItem","position":1,"name":"Inici","item":"https:\/\/www.gruasjmarin.com\/ca\/"},{"@type":"ListItem","position":2,"name":"Carretons elevadors"}]},{"@type":"WebSite","@id":"https:\/\/www.gruasjmarin.com\/ca\/#website","url":"https:\/\/www.gruasjmarin.com\/ca\/","name":"Gr\u00faas J.Marin","description":"Especialitat en trasllat de maquin\u00e0ria","publisher":{"@id":"https:\/\/www.gruasjmarin.com\/ca\/#organization"},"potentialAction":[{"@type":"SearchAction","target":{"@type":"EntryPoint","urlTemplate":"https:\/\/www.gruasjmarin.com\/ca\/?s={search_term_string}"},"query-input":{"@type":"PropertyValueSpecification","valueRequired":true,"valueName":"search_term_string"}}],"inLanguage":"ca"},{"@type":"Organization","@id":"https:\/\/www.gruasjmarin.com\/ca\/#organization","name":"Gr\u00faas J.Marin","url":"https:\/\/www.gruasjmarin.com\/ca\/","logo":{"@type":"ImageObject","inLanguage":"ca","@id":"https:\/\/www.gruasjmarin.com\/ca\/#\/schema\/logo\/image\/","url":"https:\/\/www.gruasjmarin.com\/wp-content\/uploads\/2022\/12\/logo.png","contentUrl":"https:\/\/www.gruasjmarin.com\/wp-content\/uploads\/2022\/12\/logo.png","width":413,"height":72,"caption":"Gr\u00faas J.Marin"},"image":{"@id":"https:\/\/www.gruasjmarin.com\/ca\/#\/schema\/logo\/image\/"},"sameAs":["https:\/\/www.facebook.com\/gruasjmarin\/","https:\/\/x.com\/GRUASJMARIN","http:\/\/linkedin.com\/company\/gruasjmarin"]}]}},"_links":{"self":[{"href":"https:\/\/www.gruasjmarin.com\/ca\/wp-json\/wp\/v2\/pages\/1269","targetHints":{"allow":["GET"]}}],"collection":[{"href":"https:\/\/www.gruasjmarin.com\/ca\/wp-json\/wp\/v2\/pages"}],"about":[{"href":"https:\/\/www.gruasjmarin.com\/ca\/wp-json\/wp\/v2\/types\/page"}],"author":[{"embeddable":true,"href":"https:\/\/www.gruasjmarin.com\/ca\/wp-json\/wp\/v2\/users\/1"}],"replies":[{"embeddable":true,"href":"https:\/\/www.gruasjmarin.com\/ca\/wp-json\/wp\/v2\/comments?post=1269"}],"version-history":[{"count":5,"href":"https:\/\/www.gruasjmarin.com\/ca\/wp-json\/wp\/v2\/pages\/1269\/revisions"}],"predecessor-version":[{"id":1757,"href":"https:\/\/www.gruasjmarin.com\/ca\/wp-json\/wp\/v2\/pages\/1269\/revisions\/1757"}],"wp:featuredmedia":[{"embeddable":true,"href":"https:\/\/www.gruasjmarin.com\/ca\/wp-json\/wp\/v2\/media\/1218"}],"wp:attachment":[{"href":"https:\/\/www.gruasjmarin.com\/ca\/wp-json\/wp\/v2\/media?parent=1269"}],"curies":[{"name":"wp","href":"https:\/\/api.w.org\/{rel}","templated":true}]}}