{"id":1285,"date":"2023-01-10T10:33:09","date_gmt":"2023-01-10T10:33:09","guid":{"rendered":"https:\/\/www.gruasjmarin.com\/portics-hidraulics\/"},"modified":"2023-02-22T10:04:22","modified_gmt":"2023-02-22T10:04:22","slug":"portics-hidraulics","status":"publish","type":"page","link":"https:\/\/www.gruasjmarin.com\/ca\/portics-hidraulics\/","title":{"rendered":"P\u00f2rtics hidr\u00e0ulics"},"content":{"rendered":"\n<h5 class=\"wp-block-heading\">Les grues p\u00f2rtic hidr\u00e0uliques s\u00f3n una forma segura i eficient d&#8217;elevar i col\u00b7locar c\u00e0rregues en aplicaciones on les grues tradicionals no hi entren i les estructures a\u00e8ries permanents per a treballs en grua no s\u00f3n una opci\u00f3. Quan es fan servir amb sistemes de rails, les grues p\u00f2rtic hidr\u00e0uliques tamb\u00e9 brinden un mitj\u00e0 per moure i col\u00b7locar c\u00e0rregues pesades. S\u00f3n l&#8217;opci\u00f3 m\u00e9s precisa al muntatge de maquin\u00e0ria.<\/h5>\n\n<div style=\"height:20px\" aria-hidden=\"true\" class=\"wp-block-spacer\"><\/div>\n\n<div class=\"wp-block-columns is-layout-flex wp-container-core-columns-is-layout-28f84493 wp-block-columns-is-layout-flex\">\n<div class=\"wp-block-column shadow is-layout-flow wp-block-column-is-layout-flow\">\n<figure class=\"wp-block-image size-large zoom\"><a href=\"https:\/\/www.gruasjmarin.com\/wp-content\/uploads\/2023\/01\/PORTICO-HIDRAULICO-45TM-1024x768.jpg\"><img loading=\"lazy\" decoding=\"async\" width=\"1024\" height=\"768\" src=\"https:\/\/www.gruasjmarin.com\/wp-content\/uploads\/2023\/01\/PORTICO-HIDRAULICO-45TM-1024x768.jpg\" alt=\"\" class=\"wp-image-548\" srcset=\"https:\/\/www.gruasjmarin.com\/wp-content\/uploads\/2023\/01\/PORTICO-HIDRAULICO-45TM-1024x768.jpg 1024w, https:\/\/www.gruasjmarin.com\/wp-content\/uploads\/2023\/01\/PORTICO-HIDRAULICO-45TM-300x225.jpg 300w, https:\/\/www.gruasjmarin.com\/wp-content\/uploads\/2023\/01\/PORTICO-HIDRAULICO-45TM-768x576.jpg 768w, https:\/\/www.gruasjmarin.com\/wp-content\/uploads\/2023\/01\/PORTICO-HIDRAULICO-45TM.jpg 1152w\" sizes=\"auto, (max-width: 1024px) 100vw, 1024px\" \/><\/a><\/figure>\n\n\n<div style=\"height:20px\" aria-hidden=\"true\" class=\"wp-block-spacer\"><\/div>\n\n\n\n<h6 class=\"has-text-align-center wp-block-heading\"><a href=\"https:\/\/www.gruasjmarin.com\/wp-content\/uploads\/2020\/05\/portico-45tm.jpg\">P\u00d2RTIC HIDR\u00c1ULIC 45 TM<\/a><\/h6>\n\n\n\n<p class=\"has-text-align-center\"><a href=\"https:\/\/www.gruasjmarin.com\/wp-content\/uploads\/2023\/01\/portico-45tm.jpg\" data-type=\"attachment\" data-id=\"542\">veure especificacions<\/a><\/p>\n<\/div>\n\n\n\n<div class=\"wp-block-column shadow is-layout-flow wp-block-column-is-layout-flow\">\n<figure class=\"wp-block-image size-large zoom\"><a href=\"https:\/\/www.gruasjmarin.com\/wp-content\/uploads\/2023\/01\/PORTICO-HIDRAULICO-180-TM-1024x768.jpg\"><img loading=\"lazy\" decoding=\"async\" width=\"1024\" height=\"768\" src=\"https:\/\/www.gruasjmarin.com\/wp-content\/uploads\/2023\/01\/PORTICO-HIDRAULICO-180-TM-1024x768.jpg\" alt=\"\" class=\"wp-image-541\" srcset=\"https:\/\/www.gruasjmarin.com\/wp-content\/uploads\/2023\/01\/PORTICO-HIDRAULICO-180-TM-1024x768.jpg 1024w, https:\/\/www.gruasjmarin.com\/wp-content\/uploads\/2023\/01\/PORTICO-HIDRAULICO-180-TM-300x225.jpg 300w, https:\/\/www.gruasjmarin.com\/wp-content\/uploads\/2023\/01\/PORTICO-HIDRAULICO-180-TM-768x576.jpg 768w, https:\/\/www.gruasjmarin.com\/wp-content\/uploads\/2023\/01\/PORTICO-HIDRAULICO-180-TM.jpg 1536w\" sizes=\"auto, (max-width: 1024px) 100vw, 1024px\" \/><\/a><\/figure>\n\n\n<div style=\"height:20px\" aria-hidden=\"true\" class=\"wp-block-spacer\"><\/div>\n\n\n\n<h6 class=\"has-text-align-center wp-block-heading\"><a href=\"https:\/\/www.gruasjmarin.com\/wp-content\/uploads\/2020\/05\/portico-45tm.jpg\">P\u00d2RTIC HIDR\u00c1ULIC 180 TM<\/a><\/h6>\n\n\n\n<p class=\"has-text-align-center\"><a href=\"https:\/\/www.gruasjmarin.com\/wp-content\/uploads\/2023\/01\/portico-180tm.jpg\" data-type=\"attachment\" data-id=\"538\">veure especificacions<\/a><\/p>\n<\/div>\n\n\n\n<div class=\"wp-block-column shadow is-layout-flow wp-block-column-is-layout-flow\">\n<figure class=\"wp-block-image size-large zoom\"><a href=\"https:\/\/www.gruasjmarin.com\/wp-content\/uploads\/2023\/01\/2-PORTICOS-HIDRAULICOS-180-TM-360-TM--1024x768.jpg\"><img loading=\"lazy\" decoding=\"async\" width=\"1024\" height=\"768\" src=\"https:\/\/www.gruasjmarin.com\/wp-content\/uploads\/2023\/01\/2-PORTICOS-HIDRAULICOS-180-TM-360-TM--1024x768.jpg\" alt=\"\" class=\"wp-image-539\" srcset=\"https:\/\/www.gruasjmarin.com\/wp-content\/uploads\/2023\/01\/2-PORTICOS-HIDRAULICOS-180-TM-360-TM--1024x768.jpg 1024w, https:\/\/www.gruasjmarin.com\/wp-content\/uploads\/2023\/01\/2-PORTICOS-HIDRAULICOS-180-TM-360-TM--300x225.jpg 300w, https:\/\/www.gruasjmarin.com\/wp-content\/uploads\/2023\/01\/2-PORTICOS-HIDRAULICOS-180-TM-360-TM--768x576.jpg 768w, https:\/\/www.gruasjmarin.com\/wp-content\/uploads\/2023\/01\/2-PORTICOS-HIDRAULICOS-180-TM-360-TM-.jpg 1536w\" sizes=\"auto, (max-width: 1024px) 100vw, 1024px\" \/><\/a><\/figure>\n\n\n<div style=\"height:20px\" aria-hidden=\"true\" class=\"wp-block-spacer\"><\/div>\n\n\n\n<h6 class=\"has-text-align-center wp-block-heading\"><a href=\"https:\/\/www.gruasjmarin.com\/wp-content\/uploads\/2020\/05\/portico-45tm.jpg\">P\u00d2RTIC HIDR\u00c1ULIC 180 TM (360 TM)<\/a> <\/h6>\n\n\n\n<p class=\"has-text-align-center\"><a href=\"https:\/\/www.gruasjmarin.com\/wp-content\/uploads\/2023\/01\/portico-180tm.jpg\" data-type=\"attachment\" data-id=\"538\">veure especificacions<\/a><\/p>\n<\/div>\n<\/div>\n\n<div style=\"height:50px\" aria-hidden=\"true\" class=\"wp-block-spacer\"><\/div>\n","protected":false},"excerpt":{"rendered":"<p>Les grues p\u00f2rtic hidr\u00e0uliques s\u00f3n una forma segura i eficient d&#8217;elevar i col\u00b7locar c\u00e0rregues en aplicaciones on les grues tradicionals no hi entren i les estructures a\u00e8ries permanents per a treballs en grua no s\u00f3n una opci\u00f3. Quan es fan servir amb sistemes de rails, les grues p\u00f2rtic hidr\u00e0uliques tamb\u00e9 [&hellip;]<\/p>\n","protected":false},"author":1,"featured_media":1165,"parent":0,"menu_order":0,"comment_status":"closed","ping_status":"closed","template":"page-templates\/template-fullwidth.php","meta":{"footnotes":""},"class_list":["post-1285","page","type-page","status-publish","has-post-thumbnail","hentry"],"yoast_head":"<!-- This site is optimized with the Yoast SEO plugin v25.5 - https:\/\/yoast.com\/wordpress\/plugins\/seo\/ -->\n<title>P\u00f2rtics hidr\u00e0ulics - Gruas J Marin<\/title>\n<meta name=\"robots\" content=\"index, follow, max-snippet:-1, max-image-preview:large, max-video-preview:-1\" \/>\n<link rel=\"canonical\" href=\"https:\/\/www.gruasjmarin.com\/ca\/portics-hidraulics\/\" \/>\n<meta property=\"og:locale\" content=\"ca_ES\" \/>\n<meta property=\"og:type\" content=\"article\" \/>\n<meta property=\"og:title\" content=\"P\u00f2rtics hidr\u00e0ulics - Gruas J Marin\" \/>\n<meta property=\"og:description\" content=\"Les grues p\u00f2rtic hidr\u00e0uliques s\u00f3n una forma segura i eficient d&#8217;elevar i col\u00b7locar c\u00e0rregues en aplicaciones on les grues tradicionals no hi entren i les estructures a\u00e8ries permanents per a treballs en grua no s\u00f3n una opci\u00f3. Quan es fan servir amb sistemes de rails, les grues p\u00f2rtic hidr\u00e0uliques tamb\u00e9 [&hellip;]\" \/>\n<meta property=\"og:url\" content=\"https:\/\/www.gruasjmarin.com\/ca\/portics-hidraulics\/\" \/>\n<meta property=\"og:site_name\" content=\"Gruas J Marin\" \/>\n<meta property=\"article:publisher\" content=\"https:\/\/www.facebook.com\/gruasjmarin\/\" \/>\n<meta property=\"article:modified_time\" content=\"2023-02-22T10:04:22+00:00\" \/>\n<meta property=\"og:image\" content=\"https:\/\/www.gruasjmarin.com\/wp-content\/uploads\/2023\/01\/PORTICO-HIDRAULICO-45TM.jpg\" \/>\n\t<meta property=\"og:image:width\" content=\"1152\" \/>\n\t<meta property=\"og:image:height\" content=\"864\" \/>\n\t<meta property=\"og:image:type\" content=\"image\/jpeg\" \/>\n<meta name=\"twitter:card\" content=\"summary_large_image\" \/>\n<meta name=\"twitter:site\" content=\"@GRUASJMARIN\" \/>\n<meta name=\"twitter:label1\" content=\"Temps estimat de lectura\" \/>\n\t<meta name=\"twitter:data1\" content=\"1 minut\" \/>\n<script type=\"application\/ld+json\" class=\"yoast-schema-graph\">{\"@context\":\"https:\/\/schema.org\",\"@graph\":[{\"@type\":\"WebPage\",\"@id\":\"https:\/\/www.gruasjmarin.com\/ca\/portics-hidraulics\/\",\"url\":\"https:\/\/www.gruasjmarin.com\/ca\/portics-hidraulics\/\",\"name\":\"P\u00f2rtics hidr\u00e0ulics - Gruas J Marin\",\"isPartOf\":{\"@id\":\"https:\/\/www.gruasjmarin.com\/ca\/#website\"},\"primaryImageOfPage\":{\"@id\":\"https:\/\/www.gruasjmarin.com\/ca\/portics-hidraulics\/#primaryimage\"},\"image\":{\"@id\":\"https:\/\/www.gruasjmarin.com\/ca\/portics-hidraulics\/#primaryimage\"},\"thumbnailUrl\":\"https:\/\/www.gruasjmarin.com\/wp-content\/uploads\/2023\/01\/PORTICO-HIDRAULICO-45TM.jpg\",\"datePublished\":\"2023-01-10T10:33:09+00:00\",\"dateModified\":\"2023-02-22T10:04:22+00:00\",\"breadcrumb\":{\"@id\":\"https:\/\/www.gruasjmarin.com\/ca\/portics-hidraulics\/#breadcrumb\"},\"inLanguage\":\"ca\",\"potentialAction\":[{\"@type\":\"ReadAction\",\"target\":[\"https:\/\/www.gruasjmarin.com\/ca\/portics-hidraulics\/\"]}]},{\"@type\":\"ImageObject\",\"inLanguage\":\"ca\",\"@id\":\"https:\/\/www.gruasjmarin.com\/ca\/portics-hidraulics\/#primaryimage\",\"url\":\"https:\/\/www.gruasjmarin.com\/wp-content\/uploads\/2023\/01\/PORTICO-HIDRAULICO-45TM.jpg\",\"contentUrl\":\"https:\/\/www.gruasjmarin.com\/wp-content\/uploads\/2023\/01\/PORTICO-HIDRAULICO-45TM.jpg\",\"width\":1152,\"height\":864,\"caption\":\"P\u00f3rtico hidr\u00e1ulico\"},{\"@type\":\"BreadcrumbList\",\"@id\":\"https:\/\/www.gruasjmarin.com\/ca\/portics-hidraulics\/#breadcrumb\",\"itemListElement\":[{\"@type\":\"ListItem\",\"position\":1,\"name\":\"Inici\",\"item\":\"https:\/\/www.gruasjmarin.com\/ca\/\"},{\"@type\":\"ListItem\",\"position\":2,\"name\":\"P\u00f2rtics hidr\u00e0ulics\"}]},{\"@type\":\"WebSite\",\"@id\":\"https:\/\/www.gruasjmarin.com\/ca\/#website\",\"url\":\"https:\/\/www.gruasjmarin.com\/ca\/\",\"name\":\"Gr\u00faas J.Marin\",\"description\":\"Especialitat en trasllat de maquin\u00e0ria\",\"publisher\":{\"@id\":\"https:\/\/www.gruasjmarin.com\/ca\/#organization\"},\"potentialAction\":[{\"@type\":\"SearchAction\",\"target\":{\"@type\":\"EntryPoint\",\"urlTemplate\":\"https:\/\/www.gruasjmarin.com\/ca\/?s={search_term_string}\"},\"query-input\":{\"@type\":\"PropertyValueSpecification\",\"valueRequired\":true,\"valueName\":\"search_term_string\"}}],\"inLanguage\":\"ca\"},{\"@type\":\"Organization\",\"@id\":\"https:\/\/www.gruasjmarin.com\/ca\/#organization\",\"name\":\"Gr\u00faas J.Marin\",\"url\":\"https:\/\/www.gruasjmarin.com\/ca\/\",\"logo\":{\"@type\":\"ImageObject\",\"inLanguage\":\"ca\",\"@id\":\"https:\/\/www.gruasjmarin.com\/ca\/#\/schema\/logo\/image\/\",\"url\":\"https:\/\/www.gruasjmarin.com\/wp-content\/uploads\/2022\/12\/logo.png\",\"contentUrl\":\"https:\/\/www.gruasjmarin.com\/wp-content\/uploads\/2022\/12\/logo.png\",\"width\":413,\"height\":72,\"caption\":\"Gr\u00faas J.Marin\"},\"image\":{\"@id\":\"https:\/\/www.gruasjmarin.com\/ca\/#\/schema\/logo\/image\/\"},\"sameAs\":[\"https:\/\/www.facebook.com\/gruasjmarin\/\",\"https:\/\/x.com\/GRUASJMARIN\",\"http:\/\/linkedin.com\/company\/gruasjmarin\"]}]}<\/script>\n<!-- \/ Yoast SEO plugin. -->","yoast_head_json":{"title":"P\u00f2rtics hidr\u00e0ulics - Gruas J Marin","robots":{"index":"index","follow":"follow","max-snippet":"max-snippet:-1","max-image-preview":"max-image-preview:large","max-video-preview":"max-video-preview:-1"},"canonical":"https:\/\/www.gruasjmarin.com\/ca\/portics-hidraulics\/","og_locale":"ca_ES","og_type":"article","og_title":"P\u00f2rtics hidr\u00e0ulics - Gruas J Marin","og_description":"Les grues p\u00f2rtic hidr\u00e0uliques s\u00f3n una forma segura i eficient d&#8217;elevar i col\u00b7locar c\u00e0rregues en aplicaciones on les grues tradicionals no hi entren i les estructures a\u00e8ries permanents per a treballs en grua no s\u00f3n una opci\u00f3. Quan es fan servir amb sistemes de rails, les grues p\u00f2rtic hidr\u00e0uliques tamb\u00e9 [&hellip;]","og_url":"https:\/\/www.gruasjmarin.com\/ca\/portics-hidraulics\/","og_site_name":"Gruas J Marin","article_publisher":"https:\/\/www.facebook.com\/gruasjmarin\/","article_modified_time":"2023-02-22T10:04:22+00:00","og_image":[{"width":1152,"height":864,"url":"https:\/\/www.gruasjmarin.com\/wp-content\/uploads\/2023\/01\/PORTICO-HIDRAULICO-45TM.jpg","type":"image\/jpeg"}],"twitter_card":"summary_large_image","twitter_site":"@GRUASJMARIN","twitter_misc":{"Temps estimat de lectura":"1 minut"},"schema":{"@context":"https:\/\/schema.org","@graph":[{"@type":"WebPage","@id":"https:\/\/www.gruasjmarin.com\/ca\/portics-hidraulics\/","url":"https:\/\/www.gruasjmarin.com\/ca\/portics-hidraulics\/","name":"P\u00f2rtics hidr\u00e0ulics - Gruas J Marin","isPartOf":{"@id":"https:\/\/www.gruasjmarin.com\/ca\/#website"},"primaryImageOfPage":{"@id":"https:\/\/www.gruasjmarin.com\/ca\/portics-hidraulics\/#primaryimage"},"image":{"@id":"https:\/\/www.gruasjmarin.com\/ca\/portics-hidraulics\/#primaryimage"},"thumbnailUrl":"https:\/\/www.gruasjmarin.com\/wp-content\/uploads\/2023\/01\/PORTICO-HIDRAULICO-45TM.jpg","datePublished":"2023-01-10T10:33:09+00:00","dateModified":"2023-02-22T10:04:22+00:00","breadcrumb":{"@id":"https:\/\/www.gruasjmarin.com\/ca\/portics-hidraulics\/#breadcrumb"},"inLanguage":"ca","potentialAction":[{"@type":"ReadAction","target":["https:\/\/www.gruasjmarin.com\/ca\/portics-hidraulics\/"]}]},{"@type":"ImageObject","inLanguage":"ca","@id":"https:\/\/www.gruasjmarin.com\/ca\/portics-hidraulics\/#primaryimage","url":"https:\/\/www.gruasjmarin.com\/wp-content\/uploads\/2023\/01\/PORTICO-HIDRAULICO-45TM.jpg","contentUrl":"https:\/\/www.gruasjmarin.com\/wp-content\/uploads\/2023\/01\/PORTICO-HIDRAULICO-45TM.jpg","width":1152,"height":864,"caption":"P\u00f3rtico hidr\u00e1ulico"},{"@type":"BreadcrumbList","@id":"https:\/\/www.gruasjmarin.com\/ca\/portics-hidraulics\/#breadcrumb","itemListElement":[{"@type":"ListItem","position":1,"name":"Inici","item":"https:\/\/www.gruasjmarin.com\/ca\/"},{"@type":"ListItem","position":2,"name":"P\u00f2rtics hidr\u00e0ulics"}]},{"@type":"WebSite","@id":"https:\/\/www.gruasjmarin.com\/ca\/#website","url":"https:\/\/www.gruasjmarin.com\/ca\/","name":"Gr\u00faas J.Marin","description":"Especialitat en trasllat de maquin\u00e0ria","publisher":{"@id":"https:\/\/www.gruasjmarin.com\/ca\/#organization"},"potentialAction":[{"@type":"SearchAction","target":{"@type":"EntryPoint","urlTemplate":"https:\/\/www.gruasjmarin.com\/ca\/?s={search_term_string}"},"query-input":{"@type":"PropertyValueSpecification","valueRequired":true,"valueName":"search_term_string"}}],"inLanguage":"ca"},{"@type":"Organization","@id":"https:\/\/www.gruasjmarin.com\/ca\/#organization","name":"Gr\u00faas J.Marin","url":"https:\/\/www.gruasjmarin.com\/ca\/","logo":{"@type":"ImageObject","inLanguage":"ca","@id":"https:\/\/www.gruasjmarin.com\/ca\/#\/schema\/logo\/image\/","url":"https:\/\/www.gruasjmarin.com\/wp-content\/uploads\/2022\/12\/logo.png","contentUrl":"https:\/\/www.gruasjmarin.com\/wp-content\/uploads\/2022\/12\/logo.png","width":413,"height":72,"caption":"Gr\u00faas J.Marin"},"image":{"@id":"https:\/\/www.gruasjmarin.com\/ca\/#\/schema\/logo\/image\/"},"sameAs":["https:\/\/www.facebook.com\/gruasjmarin\/","https:\/\/x.com\/GRUASJMARIN","http:\/\/linkedin.com\/company\/gruasjmarin"]}]}},"_links":{"self":[{"href":"https:\/\/www.gruasjmarin.com\/ca\/wp-json\/wp\/v2\/pages\/1285","targetHints":{"allow":["GET"]}}],"collection":[{"href":"https:\/\/www.gruasjmarin.com\/ca\/wp-json\/wp\/v2\/pages"}],"about":[{"href":"https:\/\/www.gruasjmarin.com\/ca\/wp-json\/wp\/v2\/types\/page"}],"author":[{"embeddable":true,"href":"https:\/\/www.gruasjmarin.com\/ca\/wp-json\/wp\/v2\/users\/1"}],"replies":[{"embeddable":true,"href":"https:\/\/www.gruasjmarin.com\/ca\/wp-json\/wp\/v2\/comments?post=1285"}],"version-history":[{"count":2,"href":"https:\/\/www.gruasjmarin.com\/ca\/wp-json\/wp\/v2\/pages\/1285\/revisions"}],"predecessor-version":[{"id":1287,"href":"https:\/\/www.gruasjmarin.com\/ca\/wp-json\/wp\/v2\/pages\/1285\/revisions\/1287"}],"wp:featuredmedia":[{"embeddable":true,"href":"https:\/\/www.gruasjmarin.com\/ca\/wp-json\/wp\/v2\/media\/1165"}],"wp:attachment":[{"href":"https:\/\/www.gruasjmarin.com\/ca\/wp-json\/wp\/v2\/media?parent=1285"}],"curies":[{"name":"wp","href":"https:\/\/api.w.org\/{rel}","templated":true}]}}