{"id":1289,"date":"2023-01-10T09:39:16","date_gmt":"2023-01-10T09:39:16","guid":{"rendered":"https:\/\/www.gruasjmarin.com\/grues-electriques-pickcarry\/"},"modified":"2024-05-16T08:54:47","modified_gmt":"2024-05-16T08:54:47","slug":"grues-electriques-pickcarry","status":"publish","type":"page","link":"https:\/\/www.gruasjmarin.com\/ca\/grues-electriques-pickcarry\/","title":{"rendered":"Grues el\u00e8ctriques Pick&amp;Carry"},"content":{"rendered":"\n<h6 class=\"wp-block-heading\">Les grues Pick and Carry s\u00f3n grues m\u00f2bils sense estabilitzadors i estan dissenyades per aixecar la c\u00e0rrega i portar-la a la destinaci\u00f3. S\u00f3n una gran alternativa als carretons elevadors tradicionals i tamb\u00e9 poden substituir les grues d&#8217;elevaci\u00f3 pesada, simplement aconseguint la c\u00e0rrega molt a prop. En comparaci\u00f3 amb els equips m\u00e9s comuns al mercat, com manipuladors telesc\u00f2pics o carretons elevadors de capacitat equivalent, grues grans o grues de coberta de transport, les grues pick and carry han demostrat ser una millor opci\u00f3. Les grues Pick and Carry tamb\u00e9 semblen reempla\u00e7ar les grues de cami\u00f3 m\u00e9s petites, ja que el temps d&#8217;instal\u00b7laci\u00f3 \u00e9s molt m\u00e9s r\u00e0pid, la seguretat \u00e9s m\u00e9s gran i el cost \u00e9s menor.<\/h6>\n\n<div style=\"height:50px\" aria-hidden=\"true\" class=\"wp-block-spacer\"><\/div>\n\n<div class=\"wp-block-columns is-layout-flex wp-container-core-columns-is-layout-28f84493 wp-block-columns-is-layout-flex\">\n<div class=\"wp-block-column shadow is-layout-flow wp-block-column-is-layout-flow\" style=\"flex-basis:31%\"><div class=\"wp-block-image zoom\">\n<figure class=\"aligncenter size-large\"><a href=\"\/wp-content\/uploads\/2023\/02\/DC_PICKCARRY32TM.pdf\" target=\"_blank\" rel=\"noreferrer noopener\"><img loading=\"lazy\" decoding=\"async\" width=\"1024\" height=\"726\" src=\"https:\/\/www.gruasjmarin.com\/wp-content\/uploads\/2023\/02\/DC_PICKCARRY32TM_specs-1024x726.jpg\" alt=\"\" class=\"wp-image-947\" srcset=\"https:\/\/www.gruasjmarin.com\/wp-content\/uploads\/2023\/02\/DC_PICKCARRY32TM_specs-1024x726.jpg 1024w, https:\/\/www.gruasjmarin.com\/wp-content\/uploads\/2023\/02\/DC_PICKCARRY32TM_specs-300x213.jpg 300w, https:\/\/www.gruasjmarin.com\/wp-content\/uploads\/2023\/02\/DC_PICKCARRY32TM_specs-768x544.jpg 768w, https:\/\/www.gruasjmarin.com\/wp-content\/uploads\/2023\/02\/DC_PICKCARRY32TM_specs.jpg 1278w\" sizes=\"auto, (max-width: 1024px) 100vw, 1024px\" \/><\/a><\/figure>\n<\/div>\n\n\n<div style=\"height:20px\" aria-hidden=\"true\" class=\"wp-block-spacer\"><\/div>\n\n\n\n<h6 class=\"wp-block-heading has-text-align-center\"><a data-type=\"URL\" data-id=\"\/nueva\/wp-content\/uploads\/2023\/02\/DC_PICKCARRY32TM.pdf\" href=\"\/wp-content\/uploads\/2023\/02\/DC_PICKCARRY32TM.pdf\" target=\"_blank\" rel=\"noreferrer noopener\">PICK&amp;CARRY 3,2 TM<\/a><\/h6>\n<\/div>\n\n\n\n<div class=\"wp-block-column shadow is-layout-flow wp-block-column-is-layout-flow\">\n<figure class=\"wp-block-image size-large zoom\"><a href=\"https:\/\/www.gruasjmarin.com\/wp-content\/uploads\/2023\/03\/DC_PICKCARRY12TM.pdf\" target=\"_blank\" rel=\"noreferrer noopener\"><img loading=\"lazy\" decoding=\"async\" width=\"1024\" height=\"722\" src=\"https:\/\/www.gruasjmarin.com\/wp-content\/uploads\/2023\/03\/DC_PICKCARRY12TM_specs-1024x722.jpg\" alt=\"Especificacions Grua El&#xE8;ctrica 12TM\" class=\"wp-image-1506\" srcset=\"https:\/\/www.gruasjmarin.com\/wp-content\/uploads\/2023\/03\/DC_PICKCARRY12TM_specs-1024x722.jpg 1024w, https:\/\/www.gruasjmarin.com\/wp-content\/uploads\/2023\/03\/DC_PICKCARRY12TM_specs-300x211.jpg 300w, https:\/\/www.gruasjmarin.com\/wp-content\/uploads\/2023\/03\/DC_PICKCARRY12TM_specs-768x541.jpg 768w, https:\/\/www.gruasjmarin.com\/wp-content\/uploads\/2023\/03\/DC_PICKCARRY12TM_specs.jpg 1026w\" sizes=\"auto, (max-width: 1024px) 100vw, 1024px\" \/><\/a><\/figure>\n\n\n\n<div style=\"height:20px\" aria-hidden=\"true\" class=\"wp-block-spacer\"><\/div>\n\n\n\n<h6 class=\"wp-block-heading has-text-align-center\"><a href=\"https:\/\/www.gruasjmarin.com\/wp-content\/uploads\/2023\/03\/DC_PICKCARRY12TM.pdf\" target=\"_blank\" rel=\"noreferrer noopener\">PICK&amp;CARRY 12 TM<\/a><\/h6>\n<\/div>\n\n\n\n<div class=\"wp-block-column shadow is-layout-flow wp-block-column-is-layout-flow\">\n<figure class=\"wp-block-image size-full zoom\"><a href=\"https:\/\/www.gruasjmarin.com\/wp-content\/uploads\/2023\/03\/Catalogue-MC160.pdf\" target=\"_blank\" rel=\"noreferrer noopener\"><img loading=\"lazy\" decoding=\"async\" width=\"1023\" height=\"724\" src=\"https:\/\/www.gruasjmarin.com\/wp-content\/uploads\/2023\/03\/PICKCARRY-16-TM-sm-1.jpg\" alt=\"\" class=\"wp-image-1562\" srcset=\"https:\/\/www.gruasjmarin.com\/wp-content\/uploads\/2023\/03\/PICKCARRY-16-TM-sm-1.jpg 1023w, https:\/\/www.gruasjmarin.com\/wp-content\/uploads\/2023\/03\/PICKCARRY-16-TM-sm-1-300x212.jpg 300w, https:\/\/www.gruasjmarin.com\/wp-content\/uploads\/2023\/03\/PICKCARRY-16-TM-sm-1-768x544.jpg 768w\" sizes=\"auto, (max-width: 1023px) 100vw, 1023px\" \/><\/a><\/figure>\n\n\n\n<div style=\"height:20px\" aria-hidden=\"true\" class=\"wp-block-spacer\"><\/div>\n\n\n\n<h6 class=\"wp-block-heading has-text-align-center\"><a href=\"https:\/\/www.gruasjmarin.com\/wp-content\/uploads\/2023\/03\/Catalogue-MC160.pdf\" target=\"_blank\" rel=\"noreferrer noopener\">PICK&amp;CARRY 16 TM<\/a><\/h6>\n<\/div>\n<\/div>\n\n<div class=\"wp-block-columns is-layout-flex wp-container-core-columns-is-layout-28f84493 wp-block-columns-is-layout-flex\">\n<div class=\"wp-block-column shadow is-layout-flow wp-block-column-is-layout-flow\">\n<figure class=\"wp-block-image size-full zoom\"><a href=\"https:\/\/www.gruasjmarin.com\/wp-content\/uploads\/2023\/01\/DC_PICKCARRY25TM.pdf\" target=\"_blank\" rel=\"noreferrer noopener\"><img loading=\"lazy\" decoding=\"async\" width=\"354\" height=\"269\" src=\"https:\/\/www.gruasjmarin.com\/wp-content\/uploads\/2023\/01\/PICKCARRY-25-TM-sm.jpg\" alt=\"\" class=\"wp-image-490\" srcset=\"https:\/\/www.gruasjmarin.com\/wp-content\/uploads\/2023\/01\/PICKCARRY-25-TM-sm.jpg 354w, https:\/\/www.gruasjmarin.com\/wp-content\/uploads\/2023\/01\/PICKCARRY-25-TM-sm-300x228.jpg 300w\" sizes=\"auto, (max-width: 354px) 100vw, 354px\" \/><\/a><\/figure>\n\n\n\n<div style=\"height:20px\" aria-hidden=\"true\" class=\"wp-block-spacer\"><\/div>\n\n\n\n<h6 class=\"wp-block-heading has-text-align-center\"><a href=\"\/wp-content\/uploads\/2023\/01\/DC_PICKCARRY25TM.pdf\" target=\"_blank\" rel=\"noreferrer noopener\">PICK&amp;CARRY 25 TM<\/a><\/h6>\n<\/div>\n\n\n\n<div class=\"wp-block-column shadow is-layout-flow wp-block-column-is-layout-flow\">\n<figure class=\"wp-block-image size-large zoom\"><img loading=\"lazy\" decoding=\"async\" width=\"1024\" height=\"726\" src=\"https:\/\/www.gruasjmarin.com\/wp-content\/uploads\/2023\/10\/MC250-09FL-1024x726.jpg\" alt=\"\" class=\"wp-image-1630\" srcset=\"https:\/\/www.gruasjmarin.com\/wp-content\/uploads\/2023\/10\/MC250-09FL-1024x726.jpg 1024w, https:\/\/www.gruasjmarin.com\/wp-content\/uploads\/2023\/10\/MC250-09FL-300x213.jpg 300w, https:\/\/www.gruasjmarin.com\/wp-content\/uploads\/2023\/10\/MC250-09FL-768x544.jpg 768w, https:\/\/www.gruasjmarin.com\/wp-content\/uploads\/2023\/10\/MC250-09FL.jpg 1380w\" sizes=\"auto, (max-width: 1024px) 100vw, 1024px\" \/><\/figure>\n\n\n\n<div style=\"height:20px\" aria-hidden=\"true\" class=\"wp-block-spacer\"><\/div>\n\n\n\n<h6 class=\"wp-block-heading has-text-align-center\"><a href=\"https:\/\/www.gruasjmarin.com\/wp-content\/uploads\/2023\/10\/Catalogue-MC-250.09FL.pdf\" target=\"_blank\" rel=\"noreferrer noopener\">PICK&amp;CARRY 25 TM Forklift-Crane<\/a><\/h6>\n<\/div>\n\n\n\n<div class=\"wp-block-column shadow is-layout-flow wp-block-column-is-layout-flow\">\n<figure class=\"wp-block-image size-full zoom\"><a href=\"https:\/\/www.gruasjmarin.com\/wp-content\/uploads\/2023\/03\/Catalogue-MC350.pdf\" target=\"_blank\" rel=\"noreferrer noopener\"><img loading=\"lazy\" decoding=\"async\" width=\"1024\" height=\"725\" src=\"https:\/\/www.gruasjmarin.com\/wp-content\/uploads\/2023\/03\/PICKCARRY-35-TM-sm-1.jpg\" alt=\"\" class=\"wp-image-1560\" srcset=\"https:\/\/www.gruasjmarin.com\/wp-content\/uploads\/2023\/03\/PICKCARRY-35-TM-sm-1.jpg 1024w, https:\/\/www.gruasjmarin.com\/wp-content\/uploads\/2023\/03\/PICKCARRY-35-TM-sm-1-300x212.jpg 300w, https:\/\/www.gruasjmarin.com\/wp-content\/uploads\/2023\/03\/PICKCARRY-35-TM-sm-1-768x544.jpg 768w\" sizes=\"auto, (max-width: 1024px) 100vw, 1024px\" \/><\/a><\/figure>\n\n\n\n<div style=\"height:20px\" aria-hidden=\"true\" class=\"wp-block-spacer\"><\/div>\n\n\n\n<h6 class=\"wp-block-heading has-text-align-center\"><a href=\"https:\/\/www.gruasjmarin.com\/wp-content\/uploads\/2023\/03\/Catalogue-MC350.pdf\" target=\"_blank\" rel=\"noreferrer noopener\">PICK&amp;CARRY 35 TM<\/a><\/h6>\n<\/div>\n<\/div>\n\n<div class=\"wp-block-columns is-layout-flex wp-container-core-columns-is-layout-28f84493 wp-block-columns-is-layout-flex\">\n<div class=\"wp-block-column shadow is-layout-flow wp-block-column-is-layout-flow\">\n<figure class=\"wp-block-image size-full zoom\"><img loading=\"lazy\" decoding=\"async\" width=\"1339\" height=\"945\" src=\"https:\/\/www.gruasjmarin.com\/wp-content\/uploads\/2024\/05\/MC580.jpg\" alt=\"\" class=\"wp-image-1653\" srcset=\"https:\/\/www.gruasjmarin.com\/wp-content\/uploads\/2024\/05\/MC580.jpg 1339w, https:\/\/www.gruasjmarin.com\/wp-content\/uploads\/2024\/05\/MC580-300x212.jpg 300w, https:\/\/www.gruasjmarin.com\/wp-content\/uploads\/2024\/05\/MC580-1024x723.jpg 1024w, https:\/\/www.gruasjmarin.com\/wp-content\/uploads\/2024\/05\/MC580-768x542.jpg 768w\" sizes=\"auto, (max-width: 1339px) 100vw, 1339px\" \/><\/figure>\n\n\n\n<div style=\"height:20px\" aria-hidden=\"true\" class=\"wp-block-spacer\"><\/div>\n\n\n\n<h6 class=\"wp-block-heading has-text-align-center\"><a href=\"https:\/\/www.gruasjmarin.com\/wp-content\/uploads\/2024\/05\/Catalogue-MC580.pdf\" target=\"_blank\" rel=\"noreferrer noopener\">PICK&amp;CARRY 58 TM<\/a><\/h6>\n<\/div>\n\n\n\n<div class=\"wp-block-column is-layout-flow wp-block-column-is-layout-flow\">\n<div style=\"height:20px\" aria-hidden=\"true\" class=\"wp-block-spacer\"><\/div>\n\n\n\n<h6 class=\"wp-block-heading has-text-align-center\"><\/h6>\n<\/div>\n\n\n\n<div class=\"wp-block-column is-layout-flow wp-block-column-is-layout-flow\">\n<div style=\"height:20px\" aria-hidden=\"true\" class=\"wp-block-spacer\"><\/div>\n\n\n\n<h6 class=\"wp-block-heading has-text-align-center\"><\/h6>\n<\/div>\n<\/div>\n<div class=\"wp-block-image\">\n<figure class=\"aligncenter size-large\"><img loading=\"lazy\" decoding=\"async\" width=\"1024\" height=\"480\" src=\"https:\/\/www.gruasjmarin.com\/wp-content\/uploads\/2023\/01\/PICKCARRYS-1536x720-1-1024x480.png\" alt=\"\" class=\"wp-image-516\" srcset=\"https:\/\/www.gruasjmarin.com\/wp-content\/uploads\/2023\/01\/PICKCARRYS-1536x720-1-1024x480.png 1024w, https:\/\/www.gruasjmarin.com\/wp-content\/uploads\/2023\/01\/PICKCARRYS-1536x720-1-300x141.png 300w, https:\/\/www.gruasjmarin.com\/wp-content\/uploads\/2023\/01\/PICKCARRYS-1536x720-1-768x360.png 768w, https:\/\/www.gruasjmarin.com\/wp-content\/uploads\/2023\/01\/PICKCARRYS-1536x720-1.png 1536w\" sizes=\"auto, (max-width: 1024px) 100vw, 1024px\" \/><\/figure>\n<\/div>\n<div style=\"height:20px\" aria-hidden=\"true\" class=\"wp-block-spacer\"><\/div>\n\n<hr class=\"wp-block-separator has-text-color has-alpha-channel-opacity has-background is-style-wide\" style=\"background-color:#0b43ba7a;color:#0b43ba7a\"\/>\n\n<h5 class=\"wp-block-heading has-text-align-center\">GRUA ARTICULADA SOBRE ERUCES<\/h5>\n\n<h6 class=\"wp-block-heading\">La Jekko JF990 \u00e9s una grua amb una pot\u00e8ncia de c\u00e0rrega de 21.800 kg, una al\u00e7ada de ploma de 41m i un abast de 37,25 m, equipada amb prolonga hidr\u00e0ulica (jib) i cistella homologada per al\u00e7ar persones en compliment de la norma EN280. Aquesta \u00e9s una grua dissenyada per fer treballs en espais on les grues sobre cami\u00f3 no hi poden accedir: les dimensions del xass\u00eds s\u00f3n de 6,75 x 2,14 x 3,11 m. En comparaci\u00f3 amb les dimensions d&#8217;un cami\u00f3 grua, la JF990 continua sent una minigrua: compacta, amb modes d&#8217;estabilitzaci\u00f3 variables i un motor dual, di\u00e8sel i el\u00e8ctric. <\/h6>\n<div class=\"wp-block-image\">\n<figure class=\"aligncenter size-large\"><a href=\"https:\/\/www.gruasjmarin.com\/wp-content\/uploads\/2023\/01\/JF990-TechnicalData_rev_4_METRIC.pdf\" target=\"_blank\" rel=\"noreferrer noopener\"><img loading=\"lazy\" decoding=\"async\" width=\"1024\" height=\"480\" src=\"https:\/\/www.gruasjmarin.com\/wp-content\/uploads\/2023\/01\/PORTADA_JEKKO-1536x720-1-1024x480.png\" alt=\"\" class=\"wp-image-502\" srcset=\"https:\/\/www.gruasjmarin.com\/wp-content\/uploads\/2023\/01\/PORTADA_JEKKO-1536x720-1-1024x480.png 1024w, https:\/\/www.gruasjmarin.com\/wp-content\/uploads\/2023\/01\/PORTADA_JEKKO-1536x720-1-300x141.png 300w, https:\/\/www.gruasjmarin.com\/wp-content\/uploads\/2023\/01\/PORTADA_JEKKO-1536x720-1-768x360.png 768w, https:\/\/www.gruasjmarin.com\/wp-content\/uploads\/2023\/01\/PORTADA_JEKKO-1536x720-1.png 1536w\" sizes=\"auto, (max-width: 1024px) 100vw, 1024px\" \/><\/a><\/figure>\n<\/div>\n<div style=\"height:20px\" aria-hidden=\"true\" class=\"wp-block-spacer\"><\/div>\n\n<p class=\"has-text-align-center\"><a href=\"https:\/\/www.gruasjmarin.com\/wp-content\/uploads\/2023\/01\/JF990-TechnicalData_rev_4_METRIC.pdf\" data-type=\"attachment\" data-id=\"513\" target=\"_blank\" rel=\"noreferrer noopener\">Descarregar informaci\u00f3 t\u00e8cnica<\/a><\/p>\n\n<div style=\"height:50px\" aria-hidden=\"true\" class=\"wp-block-spacer\"><\/div>\n","protected":false},"excerpt":{"rendered":"<p>Les grues Pick and Carry s\u00f3n grues m\u00f2bils sense estabilitzadors i estan dissenyades per aixecar la c\u00e0rrega i portar-la a la destinaci\u00f3. S\u00f3n una gran alternativa als carretons elevadors tradicionals i tamb\u00e9 poden substituir les grues d&#8217;elevaci\u00f3 pesada, simplement aconseguint la c\u00e0rrega molt a prop. En comparaci\u00f3 amb els equips [&hellip;]<\/p>\n","protected":false},"author":1,"featured_media":1111,"parent":0,"menu_order":0,"comment_status":"closed","ping_status":"closed","template":"page-templates\/template-fullwidth.php","meta":{"footnotes":""},"class_list":["post-1289","page","type-page","status-publish","has-post-thumbnail","hentry"],"yoast_head":"<!-- This site is optimized with the Yoast SEO plugin v25.5 - https:\/\/yoast.com\/wordpress\/plugins\/seo\/ -->\n<title>Grues el\u00e8ctriques Pick&amp;Carry - Gruas J Marin<\/title>\n<meta name=\"robots\" content=\"index, follow, max-snippet:-1, max-image-preview:large, max-video-preview:-1\" \/>\n<link rel=\"canonical\" href=\"https:\/\/www.gruasjmarin.com\/ca\/grues-electriques-pickcarry\/\" \/>\n<meta property=\"og:locale\" content=\"ca_ES\" \/>\n<meta property=\"og:type\" content=\"article\" \/>\n<meta property=\"og:title\" content=\"Grues el\u00e8ctriques Pick&amp;Carry - Gruas J Marin\" \/>\n<meta property=\"og:description\" content=\"Les grues Pick and Carry s\u00f3n grues m\u00f2bils sense estabilitzadors i estan dissenyades per aixecar la c\u00e0rrega i portar-la a la destinaci\u00f3. S\u00f3n una gran alternativa als carretons elevadors tradicionals i tamb\u00e9 poden substituir les grues d&#8217;elevaci\u00f3 pesada, simplement aconseguint la c\u00e0rrega molt a prop. En comparaci\u00f3 amb els equips [&hellip;]\" \/>\n<meta property=\"og:url\" content=\"https:\/\/www.gruasjmarin.com\/ca\/grues-electriques-pickcarry\/\" \/>\n<meta property=\"og:site_name\" content=\"Gruas J Marin\" \/>\n<meta property=\"article:publisher\" content=\"https:\/\/www.facebook.com\/gruasjmarin\/\" \/>\n<meta property=\"article:modified_time\" content=\"2024-05-16T08:54:47+00:00\" \/>\n<meta property=\"og:image\" content=\"https:\/\/www.gruasjmarin.com\/wp-content\/uploads\/2022\/12\/gruas_electricas.png\" \/>\n\t<meta property=\"og:image:width\" content=\"1689\" \/>\n\t<meta property=\"og:image:height\" content=\"900\" \/>\n\t<meta property=\"og:image:type\" content=\"image\/png\" \/>\n<meta name=\"twitter:card\" content=\"summary_large_image\" \/>\n<meta name=\"twitter:site\" content=\"@GRUASJMARIN\" \/>\n<meta name=\"twitter:label1\" content=\"Temps estimat de lectura\" \/>\n\t<meta name=\"twitter:data1\" content=\"1 minut\" \/>\n<script type=\"application\/ld+json\" class=\"yoast-schema-graph\">{\"@context\":\"https:\/\/schema.org\",\"@graph\":[{\"@type\":\"WebPage\",\"@id\":\"https:\/\/www.gruasjmarin.com\/ca\/grues-electriques-pickcarry\/\",\"url\":\"https:\/\/www.gruasjmarin.com\/ca\/grues-electriques-pickcarry\/\",\"name\":\"Grues el\u00e8ctriques Pick&amp;Carry - Gruas J Marin\",\"isPartOf\":{\"@id\":\"https:\/\/www.gruasjmarin.com\/ca\/#website\"},\"primaryImageOfPage\":{\"@id\":\"https:\/\/www.gruasjmarin.com\/ca\/grues-electriques-pickcarry\/#primaryimage\"},\"image\":{\"@id\":\"https:\/\/www.gruasjmarin.com\/ca\/grues-electriques-pickcarry\/#primaryimage\"},\"thumbnailUrl\":\"https:\/\/www.gruasjmarin.com\/wp-content\/uploads\/2022\/12\/gruas_electricas.png\",\"datePublished\":\"2023-01-10T09:39:16+00:00\",\"dateModified\":\"2024-05-16T08:54:47+00:00\",\"breadcrumb\":{\"@id\":\"https:\/\/www.gruasjmarin.com\/ca\/grues-electriques-pickcarry\/#breadcrumb\"},\"inLanguage\":\"ca\",\"potentialAction\":[{\"@type\":\"ReadAction\",\"target\":[\"https:\/\/www.gruasjmarin.com\/ca\/grues-electriques-pickcarry\/\"]}]},{\"@type\":\"ImageObject\",\"inLanguage\":\"ca\",\"@id\":\"https:\/\/www.gruasjmarin.com\/ca\/grues-electriques-pickcarry\/#primaryimage\",\"url\":\"https:\/\/www.gruasjmarin.com\/wp-content\/uploads\/2022\/12\/gruas_electricas.png\",\"contentUrl\":\"https:\/\/www.gruasjmarin.com\/wp-content\/uploads\/2022\/12\/gruas_electricas.png\",\"width\":1689,\"height\":900,\"caption\":\"3 Gr\u00faas El\u00e9ctricas\"},{\"@type\":\"BreadcrumbList\",\"@id\":\"https:\/\/www.gruasjmarin.com\/ca\/grues-electriques-pickcarry\/#breadcrumb\",\"itemListElement\":[{\"@type\":\"ListItem\",\"position\":1,\"name\":\"Inici\",\"item\":\"https:\/\/www.gruasjmarin.com\/ca\/\"},{\"@type\":\"ListItem\",\"position\":2,\"name\":\"Grues el\u00e8ctriques Pick&amp;Carry\"}]},{\"@type\":\"WebSite\",\"@id\":\"https:\/\/www.gruasjmarin.com\/ca\/#website\",\"url\":\"https:\/\/www.gruasjmarin.com\/ca\/\",\"name\":\"Gr\u00faas J.Marin\",\"description\":\"Especialitat en trasllat de maquin\u00e0ria\",\"publisher\":{\"@id\":\"https:\/\/www.gruasjmarin.com\/ca\/#organization\"},\"potentialAction\":[{\"@type\":\"SearchAction\",\"target\":{\"@type\":\"EntryPoint\",\"urlTemplate\":\"https:\/\/www.gruasjmarin.com\/ca\/?s={search_term_string}\"},\"query-input\":{\"@type\":\"PropertyValueSpecification\",\"valueRequired\":true,\"valueName\":\"search_term_string\"}}],\"inLanguage\":\"ca\"},{\"@type\":\"Organization\",\"@id\":\"https:\/\/www.gruasjmarin.com\/ca\/#organization\",\"name\":\"Gr\u00faas J.Marin\",\"url\":\"https:\/\/www.gruasjmarin.com\/ca\/\",\"logo\":{\"@type\":\"ImageObject\",\"inLanguage\":\"ca\",\"@id\":\"https:\/\/www.gruasjmarin.com\/ca\/#\/schema\/logo\/image\/\",\"url\":\"https:\/\/www.gruasjmarin.com\/wp-content\/uploads\/2022\/12\/logo.png\",\"contentUrl\":\"https:\/\/www.gruasjmarin.com\/wp-content\/uploads\/2022\/12\/logo.png\",\"width\":413,\"height\":72,\"caption\":\"Gr\u00faas J.Marin\"},\"image\":{\"@id\":\"https:\/\/www.gruasjmarin.com\/ca\/#\/schema\/logo\/image\/\"},\"sameAs\":[\"https:\/\/www.facebook.com\/gruasjmarin\/\",\"https:\/\/x.com\/GRUASJMARIN\",\"http:\/\/linkedin.com\/company\/gruasjmarin\"]}]}<\/script>\n<!-- \/ Yoast SEO plugin. -->","yoast_head_json":{"title":"Grues el\u00e8ctriques Pick&amp;Carry - Gruas J Marin","robots":{"index":"index","follow":"follow","max-snippet":"max-snippet:-1","max-image-preview":"max-image-preview:large","max-video-preview":"max-video-preview:-1"},"canonical":"https:\/\/www.gruasjmarin.com\/ca\/grues-electriques-pickcarry\/","og_locale":"ca_ES","og_type":"article","og_title":"Grues el\u00e8ctriques Pick&amp;Carry - Gruas J Marin","og_description":"Les grues Pick and Carry s\u00f3n grues m\u00f2bils sense estabilitzadors i estan dissenyades per aixecar la c\u00e0rrega i portar-la a la destinaci\u00f3. S\u00f3n una gran alternativa als carretons elevadors tradicionals i tamb\u00e9 poden substituir les grues d&#8217;elevaci\u00f3 pesada, simplement aconseguint la c\u00e0rrega molt a prop. En comparaci\u00f3 amb els equips [&hellip;]","og_url":"https:\/\/www.gruasjmarin.com\/ca\/grues-electriques-pickcarry\/","og_site_name":"Gruas J Marin","article_publisher":"https:\/\/www.facebook.com\/gruasjmarin\/","article_modified_time":"2024-05-16T08:54:47+00:00","og_image":[{"width":1689,"height":900,"url":"https:\/\/www.gruasjmarin.com\/wp-content\/uploads\/2022\/12\/gruas_electricas.png","type":"image\/png"}],"twitter_card":"summary_large_image","twitter_site":"@GRUASJMARIN","twitter_misc":{"Temps estimat de lectura":"1 minut"},"schema":{"@context":"https:\/\/schema.org","@graph":[{"@type":"WebPage","@id":"https:\/\/www.gruasjmarin.com\/ca\/grues-electriques-pickcarry\/","url":"https:\/\/www.gruasjmarin.com\/ca\/grues-electriques-pickcarry\/","name":"Grues el\u00e8ctriques Pick&amp;Carry - Gruas J Marin","isPartOf":{"@id":"https:\/\/www.gruasjmarin.com\/ca\/#website"},"primaryImageOfPage":{"@id":"https:\/\/www.gruasjmarin.com\/ca\/grues-electriques-pickcarry\/#primaryimage"},"image":{"@id":"https:\/\/www.gruasjmarin.com\/ca\/grues-electriques-pickcarry\/#primaryimage"},"thumbnailUrl":"https:\/\/www.gruasjmarin.com\/wp-content\/uploads\/2022\/12\/gruas_electricas.png","datePublished":"2023-01-10T09:39:16+00:00","dateModified":"2024-05-16T08:54:47+00:00","breadcrumb":{"@id":"https:\/\/www.gruasjmarin.com\/ca\/grues-electriques-pickcarry\/#breadcrumb"},"inLanguage":"ca","potentialAction":[{"@type":"ReadAction","target":["https:\/\/www.gruasjmarin.com\/ca\/grues-electriques-pickcarry\/"]}]},{"@type":"ImageObject","inLanguage":"ca","@id":"https:\/\/www.gruasjmarin.com\/ca\/grues-electriques-pickcarry\/#primaryimage","url":"https:\/\/www.gruasjmarin.com\/wp-content\/uploads\/2022\/12\/gruas_electricas.png","contentUrl":"https:\/\/www.gruasjmarin.com\/wp-content\/uploads\/2022\/12\/gruas_electricas.png","width":1689,"height":900,"caption":"3 Gr\u00faas El\u00e9ctricas"},{"@type":"BreadcrumbList","@id":"https:\/\/www.gruasjmarin.com\/ca\/grues-electriques-pickcarry\/#breadcrumb","itemListElement":[{"@type":"ListItem","position":1,"name":"Inici","item":"https:\/\/www.gruasjmarin.com\/ca\/"},{"@type":"ListItem","position":2,"name":"Grues el\u00e8ctriques Pick&amp;Carry"}]},{"@type":"WebSite","@id":"https:\/\/www.gruasjmarin.com\/ca\/#website","url":"https:\/\/www.gruasjmarin.com\/ca\/","name":"Gr\u00faas J.Marin","description":"Especialitat en trasllat de maquin\u00e0ria","publisher":{"@id":"https:\/\/www.gruasjmarin.com\/ca\/#organization"},"potentialAction":[{"@type":"SearchAction","target":{"@type":"EntryPoint","urlTemplate":"https:\/\/www.gruasjmarin.com\/ca\/?s={search_term_string}"},"query-input":{"@type":"PropertyValueSpecification","valueRequired":true,"valueName":"search_term_string"}}],"inLanguage":"ca"},{"@type":"Organization","@id":"https:\/\/www.gruasjmarin.com\/ca\/#organization","name":"Gr\u00faas J.Marin","url":"https:\/\/www.gruasjmarin.com\/ca\/","logo":{"@type":"ImageObject","inLanguage":"ca","@id":"https:\/\/www.gruasjmarin.com\/ca\/#\/schema\/logo\/image\/","url":"https:\/\/www.gruasjmarin.com\/wp-content\/uploads\/2022\/12\/logo.png","contentUrl":"https:\/\/www.gruasjmarin.com\/wp-content\/uploads\/2022\/12\/logo.png","width":413,"height":72,"caption":"Gr\u00faas J.Marin"},"image":{"@id":"https:\/\/www.gruasjmarin.com\/ca\/#\/schema\/logo\/image\/"},"sameAs":["https:\/\/www.facebook.com\/gruasjmarin\/","https:\/\/x.com\/GRUASJMARIN","http:\/\/linkedin.com\/company\/gruasjmarin"]}]}},"_links":{"self":[{"href":"https:\/\/www.gruasjmarin.com\/ca\/wp-json\/wp\/v2\/pages\/1289","targetHints":{"allow":["GET"]}}],"collection":[{"href":"https:\/\/www.gruasjmarin.com\/ca\/wp-json\/wp\/v2\/pages"}],"about":[{"href":"https:\/\/www.gruasjmarin.com\/ca\/wp-json\/wp\/v2\/types\/page"}],"author":[{"embeddable":true,"href":"https:\/\/www.gruasjmarin.com\/ca\/wp-json\/wp\/v2\/users\/1"}],"replies":[{"embeddable":true,"href":"https:\/\/www.gruasjmarin.com\/ca\/wp-json\/wp\/v2\/comments?post=1289"}],"version-history":[{"count":12,"href":"https:\/\/www.gruasjmarin.com\/ca\/wp-json\/wp\/v2\/pages\/1289\/revisions"}],"predecessor-version":[{"id":1727,"href":"https:\/\/www.gruasjmarin.com\/ca\/wp-json\/wp\/v2\/pages\/1289\/revisions\/1727"}],"wp:featuredmedia":[{"embeddable":true,"href":"https:\/\/www.gruasjmarin.com\/ca\/wp-json\/wp\/v2\/media\/1111"}],"wp:attachment":[{"href":"https:\/\/www.gruasjmarin.com\/ca\/wp-json\/wp\/v2\/media?parent=1289"}],"curies":[{"name":"wp","href":"https:\/\/api.w.org\/{rel}","templated":true}]}}