{"id":1297,"date":"2023-01-11T09:34:56","date_gmt":"2023-01-11T09:34:56","guid":{"rendered":"https:\/\/www.gruasjmarin.com\/transport-de-maquinaria-amb-tauliner-eixamplable-i-especials\/"},"modified":"2023-02-22T10:17:22","modified_gmt":"2023-02-22T10:17:22","slug":"transport-de-maquinaria-amb-tauliner-eixamplable-i-especials","status":"publish","type":"page","link":"https:\/\/www.gruasjmarin.com\/ca\/transport-de-maquinaria-amb-tauliner-eixamplable-i-especials\/","title":{"rendered":"TRANSPORT DE MAQUIN\u00c0RIA AMB TAULINER EIXAMPLABLE I ESPECIALS"},"content":{"rendered":"\n<h6 class=\"has-text-align-center wp-block-heading\">A Gruas J. Marin estem especialitzats en tota mena de transport de maquin\u00e0ria internacional per carretera, oferint un servei d&#8217;enviament directe, regular i propi tant de grupatge i c\u00e0rregues fraccionades com de c\u00e0rregues completes i <strong>transports especials.<\/strong><\/h6>\n\n<h6 class=\"has-text-align-center wp-block-heading\">El nostre equip de professionals supervisa rigorosament totes les c\u00e0rregues, per garantir que compleixen tots els requisits necessaris i assegurar el bon estat de la maquin\u00e0ria durant el transport. <\/h6>\n\n<div style=\"height:20px\" aria-hidden=\"true\" class=\"wp-block-spacer\"><\/div>\n\n<p class=\"has-text-align-center\">Disposem de tr\u00e0ilers, megatrailers i gondoles tauliner eixamplables per transportar maquin\u00e0ria amb extra mides totalment coberta.<\/p>\n\n<div class=\"wp-block-columns is-layout-flex wp-container-core-columns-is-layout-28f84493 wp-block-columns-is-layout-flex\">\n<div class=\"wp-block-column shadow is-layout-flow wp-block-column-is-layout-flow\">\n<figure class=\"wp-block-image size-full zoom\"><a href=\"https:\/\/www.gruasjmarin.com\/wp-content\/uploads\/2023\/01\/internacional1.jpg\"><img loading=\"lazy\" decoding=\"async\" width=\"730\" height=\"556\" src=\"https:\/\/www.gruasjmarin.com\/wp-content\/uploads\/2023\/01\/internacional1.jpg\" alt=\"\" class=\"wp-image-671\" srcset=\"https:\/\/www.gruasjmarin.com\/wp-content\/uploads\/2023\/01\/internacional1.jpg 730w, https:\/\/www.gruasjmarin.com\/wp-content\/uploads\/2023\/01\/internacional1-300x228.jpg 300w\" sizes=\"auto, (max-width: 730px) 100vw, 730px\" \/><\/a><\/figure>\n\n\n<div style=\"height:20px\" aria-hidden=\"true\" class=\"wp-block-spacer\"><\/div>\n\n\n\n<h6 class=\"has-text-align-center wp-block-heading\">GONDOLES REBAIXADES TAUTLINERS EIXAMPLABLES<\/h6>\n<\/div>\n\n\n\n<div class=\"wp-block-column shadow is-layout-flow wp-block-column-is-layout-flow\">\n<figure class=\"wp-block-image size-full zoom\"><a href=\"https:\/\/www.gruasjmarin.com\/wp-content\/uploads\/2023\/01\/internacional2.jpg\"><img loading=\"lazy\" decoding=\"async\" width=\"730\" height=\"556\" src=\"https:\/\/www.gruasjmarin.com\/wp-content\/uploads\/2023\/01\/internacional2.jpg\" alt=\"\" class=\"wp-image-672\" srcset=\"https:\/\/www.gruasjmarin.com\/wp-content\/uploads\/2023\/01\/internacional2.jpg 730w, https:\/\/www.gruasjmarin.com\/wp-content\/uploads\/2023\/01\/internacional2-300x228.jpg 300w\" sizes=\"auto, (max-width: 730px) 100vw, 730px\" \/><\/a><\/figure>\n\n\n<div style=\"height:20px\" aria-hidden=\"true\" class=\"wp-block-spacer\"><\/div>\n\n\n\n<h6 class=\"has-text-align-center wp-block-heading\">GONDOLES TAUTLINERS EIXAMPLABLES<\/h6>\n<\/div>\n\n\n\n<div class=\"wp-block-column shadow is-layout-flow wp-block-column-is-layout-flow\">\n<figure class=\"wp-block-image size-full zoom\"><a href=\"https:\/\/www.gruasjmarin.com\/wp-content\/uploads\/2023\/01\/internacional3.jpg\"><img loading=\"lazy\" decoding=\"async\" width=\"730\" height=\"556\" src=\"https:\/\/www.gruasjmarin.com\/wp-content\/uploads\/2023\/01\/internacional3.jpg\" alt=\"\" class=\"wp-image-673\" srcset=\"https:\/\/www.gruasjmarin.com\/wp-content\/uploads\/2023\/01\/internacional3.jpg 730w, https:\/\/www.gruasjmarin.com\/wp-content\/uploads\/2023\/01\/internacional3-300x228.jpg 300w\" sizes=\"auto, (max-width: 730px) 100vw, 730px\" \/><\/a><\/figure>\n\n\n<div style=\"height:20px\" aria-hidden=\"true\" class=\"wp-block-spacer\"><\/div>\n\n\n\n<h6 class=\"has-text-align-center wp-block-heading\">GONDOLES AMB LONES MANUALS<\/h6>\n<\/div>\n<\/div>\n\n<div style=\"height:50px\" aria-hidden=\"true\" class=\"wp-block-spacer\"><\/div>\n","protected":false},"excerpt":{"rendered":"<p>A Gruas J. Marin estem especialitzats en tota mena de transport de maquin\u00e0ria internacional per carretera, oferint un servei d&#8217;enviament directe, regular i propi tant de grupatge i c\u00e0rregues fraccionades com de c\u00e0rregues completes i transports especials. El nostre equip de professionals supervisa rigorosament totes les c\u00e0rregues, per garantir que [&hellip;]<\/p>\n","protected":false},"author":1,"featured_media":0,"parent":0,"menu_order":0,"comment_status":"closed","ping_status":"closed","template":"page-templates\/template-fullwidth.php","meta":{"footnotes":""},"class_list":["post-1297","page","type-page","status-publish","hentry"],"yoast_head":"<!-- This site is optimized with the Yoast SEO plugin v25.5 - https:\/\/yoast.com\/wordpress\/plugins\/seo\/ -->\n<title>TRANSPORT DE MAQUIN\u00c0RIA AMB TAULINER EIXAMPLABLE I ESPECIALS - Gruas J Marin<\/title>\n<meta name=\"robots\" content=\"index, follow, max-snippet:-1, max-image-preview:large, max-video-preview:-1\" \/>\n<link rel=\"canonical\" href=\"https:\/\/www.gruasjmarin.com\/ca\/transport-de-maquinaria-amb-tauliner-eixamplable-i-especials\/\" \/>\n<meta property=\"og:locale\" content=\"ca_ES\" \/>\n<meta property=\"og:type\" content=\"article\" \/>\n<meta property=\"og:title\" content=\"TRANSPORT DE MAQUIN\u00c0RIA AMB TAULINER EIXAMPLABLE I ESPECIALS - Gruas J Marin\" \/>\n<meta property=\"og:description\" content=\"A Gruas J. Marin estem especialitzats en tota mena de transport de maquin\u00e0ria internacional per carretera, oferint un servei d&#8217;enviament directe, regular i propi tant de grupatge i c\u00e0rregues fraccionades com de c\u00e0rregues completes i transports especials. El nostre equip de professionals supervisa rigorosament totes les c\u00e0rregues, per garantir que [&hellip;]\" \/>\n<meta property=\"og:url\" content=\"https:\/\/www.gruasjmarin.com\/ca\/transport-de-maquinaria-amb-tauliner-eixamplable-i-especials\/\" \/>\n<meta property=\"og:site_name\" content=\"Gruas J Marin\" \/>\n<meta property=\"article:publisher\" content=\"https:\/\/www.facebook.com\/gruasjmarin\/\" \/>\n<meta property=\"article:modified_time\" content=\"2023-02-22T10:17:22+00:00\" \/>\n<meta property=\"og:image\" content=\"https:\/\/www.gruasjmarin.com\/wp-content\/uploads\/2023\/01\/internacional1.jpg\" \/>\n<meta name=\"twitter:card\" content=\"summary_large_image\" \/>\n<meta name=\"twitter:site\" content=\"@GRUASJMARIN\" \/>\n<meta name=\"twitter:label1\" content=\"Temps estimat de lectura\" \/>\n\t<meta name=\"twitter:data1\" content=\"1 minut\" \/>\n<script type=\"application\/ld+json\" class=\"yoast-schema-graph\">{\"@context\":\"https:\/\/schema.org\",\"@graph\":[{\"@type\":\"WebPage\",\"@id\":\"https:\/\/www.gruasjmarin.com\/ca\/transport-de-maquinaria-amb-tauliner-eixamplable-i-especials\/\",\"url\":\"https:\/\/www.gruasjmarin.com\/ca\/transport-de-maquinaria-amb-tauliner-eixamplable-i-especials\/\",\"name\":\"TRANSPORT DE MAQUIN\u00c0RIA AMB TAULINER EIXAMPLABLE I ESPECIALS - Gruas J Marin\",\"isPartOf\":{\"@id\":\"https:\/\/www.gruasjmarin.com\/ca\/#website\"},\"primaryImageOfPage\":{\"@id\":\"https:\/\/www.gruasjmarin.com\/ca\/transport-de-maquinaria-amb-tauliner-eixamplable-i-especials\/#primaryimage\"},\"image\":{\"@id\":\"https:\/\/www.gruasjmarin.com\/ca\/transport-de-maquinaria-amb-tauliner-eixamplable-i-especials\/#primaryimage\"},\"thumbnailUrl\":\"https:\/\/www.gruasjmarin.com\/wp-content\/uploads\/2023\/01\/internacional1.jpg\",\"datePublished\":\"2023-01-11T09:34:56+00:00\",\"dateModified\":\"2023-02-22T10:17:22+00:00\",\"breadcrumb\":{\"@id\":\"https:\/\/www.gruasjmarin.com\/ca\/transport-de-maquinaria-amb-tauliner-eixamplable-i-especials\/#breadcrumb\"},\"inLanguage\":\"ca\",\"potentialAction\":[{\"@type\":\"ReadAction\",\"target\":[\"https:\/\/www.gruasjmarin.com\/ca\/transport-de-maquinaria-amb-tauliner-eixamplable-i-especials\/\"]}]},{\"@type\":\"ImageObject\",\"inLanguage\":\"ca\",\"@id\":\"https:\/\/www.gruasjmarin.com\/ca\/transport-de-maquinaria-amb-tauliner-eixamplable-i-especials\/#primaryimage\",\"url\":\"https:\/\/www.gruasjmarin.com\/wp-content\/uploads\/2023\/01\/internacional1.jpg\",\"contentUrl\":\"https:\/\/www.gruasjmarin.com\/wp-content\/uploads\/2023\/01\/internacional1.jpg\"},{\"@type\":\"BreadcrumbList\",\"@id\":\"https:\/\/www.gruasjmarin.com\/ca\/transport-de-maquinaria-amb-tauliner-eixamplable-i-especials\/#breadcrumb\",\"itemListElement\":[{\"@type\":\"ListItem\",\"position\":1,\"name\":\"Inici\",\"item\":\"https:\/\/www.gruasjmarin.com\/ca\/\"},{\"@type\":\"ListItem\",\"position\":2,\"name\":\"TRANSPORT DE MAQUIN\u00c0RIA AMB TAULINER EIXAMPLABLE I ESPECIALS\"}]},{\"@type\":\"WebSite\",\"@id\":\"https:\/\/www.gruasjmarin.com\/ca\/#website\",\"url\":\"https:\/\/www.gruasjmarin.com\/ca\/\",\"name\":\"Gr\u00faas J.Marin\",\"description\":\"Especialitat en trasllat de maquin\u00e0ria\",\"publisher\":{\"@id\":\"https:\/\/www.gruasjmarin.com\/ca\/#organization\"},\"potentialAction\":[{\"@type\":\"SearchAction\",\"target\":{\"@type\":\"EntryPoint\",\"urlTemplate\":\"https:\/\/www.gruasjmarin.com\/ca\/?s={search_term_string}\"},\"query-input\":{\"@type\":\"PropertyValueSpecification\",\"valueRequired\":true,\"valueName\":\"search_term_string\"}}],\"inLanguage\":\"ca\"},{\"@type\":\"Organization\",\"@id\":\"https:\/\/www.gruasjmarin.com\/ca\/#organization\",\"name\":\"Gr\u00faas J.Marin\",\"url\":\"https:\/\/www.gruasjmarin.com\/ca\/\",\"logo\":{\"@type\":\"ImageObject\",\"inLanguage\":\"ca\",\"@id\":\"https:\/\/www.gruasjmarin.com\/ca\/#\/schema\/logo\/image\/\",\"url\":\"https:\/\/www.gruasjmarin.com\/wp-content\/uploads\/2022\/12\/logo.png\",\"contentUrl\":\"https:\/\/www.gruasjmarin.com\/wp-content\/uploads\/2022\/12\/logo.png\",\"width\":413,\"height\":72,\"caption\":\"Gr\u00faas J.Marin\"},\"image\":{\"@id\":\"https:\/\/www.gruasjmarin.com\/ca\/#\/schema\/logo\/image\/\"},\"sameAs\":[\"https:\/\/www.facebook.com\/gruasjmarin\/\",\"https:\/\/x.com\/GRUASJMARIN\",\"http:\/\/linkedin.com\/company\/gruasjmarin\"]}]}<\/script>\n<!-- \/ Yoast SEO plugin. -->","yoast_head_json":{"title":"TRANSPORT DE MAQUIN\u00c0RIA AMB TAULINER EIXAMPLABLE I ESPECIALS - Gruas J Marin","robots":{"index":"index","follow":"follow","max-snippet":"max-snippet:-1","max-image-preview":"max-image-preview:large","max-video-preview":"max-video-preview:-1"},"canonical":"https:\/\/www.gruasjmarin.com\/ca\/transport-de-maquinaria-amb-tauliner-eixamplable-i-especials\/","og_locale":"ca_ES","og_type":"article","og_title":"TRANSPORT DE MAQUIN\u00c0RIA AMB TAULINER EIXAMPLABLE I ESPECIALS - Gruas J Marin","og_description":"A Gruas J. Marin estem especialitzats en tota mena de transport de maquin\u00e0ria internacional per carretera, oferint un servei d&#8217;enviament directe, regular i propi tant de grupatge i c\u00e0rregues fraccionades com de c\u00e0rregues completes i transports especials. El nostre equip de professionals supervisa rigorosament totes les c\u00e0rregues, per garantir que [&hellip;]","og_url":"https:\/\/www.gruasjmarin.com\/ca\/transport-de-maquinaria-amb-tauliner-eixamplable-i-especials\/","og_site_name":"Gruas J Marin","article_publisher":"https:\/\/www.facebook.com\/gruasjmarin\/","article_modified_time":"2023-02-22T10:17:22+00:00","og_image":[{"url":"https:\/\/www.gruasjmarin.com\/wp-content\/uploads\/2023\/01\/internacional1.jpg","type":"","width":"","height":""}],"twitter_card":"summary_large_image","twitter_site":"@GRUASJMARIN","twitter_misc":{"Temps estimat de lectura":"1 minut"},"schema":{"@context":"https:\/\/schema.org","@graph":[{"@type":"WebPage","@id":"https:\/\/www.gruasjmarin.com\/ca\/transport-de-maquinaria-amb-tauliner-eixamplable-i-especials\/","url":"https:\/\/www.gruasjmarin.com\/ca\/transport-de-maquinaria-amb-tauliner-eixamplable-i-especials\/","name":"TRANSPORT DE MAQUIN\u00c0RIA AMB TAULINER EIXAMPLABLE I ESPECIALS - Gruas J Marin","isPartOf":{"@id":"https:\/\/www.gruasjmarin.com\/ca\/#website"},"primaryImageOfPage":{"@id":"https:\/\/www.gruasjmarin.com\/ca\/transport-de-maquinaria-amb-tauliner-eixamplable-i-especials\/#primaryimage"},"image":{"@id":"https:\/\/www.gruasjmarin.com\/ca\/transport-de-maquinaria-amb-tauliner-eixamplable-i-especials\/#primaryimage"},"thumbnailUrl":"https:\/\/www.gruasjmarin.com\/wp-content\/uploads\/2023\/01\/internacional1.jpg","datePublished":"2023-01-11T09:34:56+00:00","dateModified":"2023-02-22T10:17:22+00:00","breadcrumb":{"@id":"https:\/\/www.gruasjmarin.com\/ca\/transport-de-maquinaria-amb-tauliner-eixamplable-i-especials\/#breadcrumb"},"inLanguage":"ca","potentialAction":[{"@type":"ReadAction","target":["https:\/\/www.gruasjmarin.com\/ca\/transport-de-maquinaria-amb-tauliner-eixamplable-i-especials\/"]}]},{"@type":"ImageObject","inLanguage":"ca","@id":"https:\/\/www.gruasjmarin.com\/ca\/transport-de-maquinaria-amb-tauliner-eixamplable-i-especials\/#primaryimage","url":"https:\/\/www.gruasjmarin.com\/wp-content\/uploads\/2023\/01\/internacional1.jpg","contentUrl":"https:\/\/www.gruasjmarin.com\/wp-content\/uploads\/2023\/01\/internacional1.jpg"},{"@type":"BreadcrumbList","@id":"https:\/\/www.gruasjmarin.com\/ca\/transport-de-maquinaria-amb-tauliner-eixamplable-i-especials\/#breadcrumb","itemListElement":[{"@type":"ListItem","position":1,"name":"Inici","item":"https:\/\/www.gruasjmarin.com\/ca\/"},{"@type":"ListItem","position":2,"name":"TRANSPORT DE MAQUIN\u00c0RIA AMB TAULINER EIXAMPLABLE I ESPECIALS"}]},{"@type":"WebSite","@id":"https:\/\/www.gruasjmarin.com\/ca\/#website","url":"https:\/\/www.gruasjmarin.com\/ca\/","name":"Gr\u00faas J.Marin","description":"Especialitat en trasllat de maquin\u00e0ria","publisher":{"@id":"https:\/\/www.gruasjmarin.com\/ca\/#organization"},"potentialAction":[{"@type":"SearchAction","target":{"@type":"EntryPoint","urlTemplate":"https:\/\/www.gruasjmarin.com\/ca\/?s={search_term_string}"},"query-input":{"@type":"PropertyValueSpecification","valueRequired":true,"valueName":"search_term_string"}}],"inLanguage":"ca"},{"@type":"Organization","@id":"https:\/\/www.gruasjmarin.com\/ca\/#organization","name":"Gr\u00faas J.Marin","url":"https:\/\/www.gruasjmarin.com\/ca\/","logo":{"@type":"ImageObject","inLanguage":"ca","@id":"https:\/\/www.gruasjmarin.com\/ca\/#\/schema\/logo\/image\/","url":"https:\/\/www.gruasjmarin.com\/wp-content\/uploads\/2022\/12\/logo.png","contentUrl":"https:\/\/www.gruasjmarin.com\/wp-content\/uploads\/2022\/12\/logo.png","width":413,"height":72,"caption":"Gr\u00faas J.Marin"},"image":{"@id":"https:\/\/www.gruasjmarin.com\/ca\/#\/schema\/logo\/image\/"},"sameAs":["https:\/\/www.facebook.com\/gruasjmarin\/","https:\/\/x.com\/GRUASJMARIN","http:\/\/linkedin.com\/company\/gruasjmarin"]}]}},"_links":{"self":[{"href":"https:\/\/www.gruasjmarin.com\/ca\/wp-json\/wp\/v2\/pages\/1297","targetHints":{"allow":["GET"]}}],"collection":[{"href":"https:\/\/www.gruasjmarin.com\/ca\/wp-json\/wp\/v2\/pages"}],"about":[{"href":"https:\/\/www.gruasjmarin.com\/ca\/wp-json\/wp\/v2\/types\/page"}],"author":[{"embeddable":true,"href":"https:\/\/www.gruasjmarin.com\/ca\/wp-json\/wp\/v2\/users\/1"}],"replies":[{"embeddable":true,"href":"https:\/\/www.gruasjmarin.com\/ca\/wp-json\/wp\/v2\/comments?post=1297"}],"version-history":[{"count":1,"href":"https:\/\/www.gruasjmarin.com\/ca\/wp-json\/wp\/v2\/pages\/1297\/revisions"}],"predecessor-version":[{"id":1298,"href":"https:\/\/www.gruasjmarin.com\/ca\/wp-json\/wp\/v2\/pages\/1297\/revisions\/1298"}],"wp:attachment":[{"href":"https:\/\/www.gruasjmarin.com\/ca\/wp-json\/wp\/v2\/media?parent=1297"}],"curies":[{"name":"wp","href":"https:\/\/api.w.org\/{rel}","templated":true}]}}