{"id":1299,"date":"2023-01-11T09:43:15","date_gmt":"2023-01-11T09:43:15","guid":{"rendered":"https:\/\/www.gruasjmarin.com\/trasllat-de-maquinaria\/"},"modified":"2023-02-22T10:21:22","modified_gmt":"2023-02-22T10:21:22","slug":"trasllat-de-maquinaria","status":"publish","type":"page","link":"https:\/\/www.gruasjmarin.com\/ca\/trasllat-de-maquinaria\/","title":{"rendered":"TRASLLAT DE MAQUIN\u00c0RIA"},"content":{"rendered":"\n<h6 class=\"has-text-align-center wp-block-heading\">A Gruas J.Marin comptem amb l&#8217;experi\u00e8ncia i els recursos necessaris per realitzar <strong>trasllat de maquin\u00e0ria<\/strong> amb total seguretat i celeritat. Els nostres t\u00e8cnics els assessoraran per realitzar la feina de la manera m\u00e9s rendible per a la seva empresa tenint en compte les necessitats de cada client, com ara una bona coordinaci\u00f3 al departament de producci\u00f3 per no perjudicar-los en el compliment dels seus objectius. <\/h6>\n\n<div style=\"height:20px\" aria-hidden=\"true\" class=\"wp-block-spacer\"><\/div>\n\n<div class=\"wp-block-columns is-layout-flex wp-container-core-columns-is-layout-28f84493 wp-block-columns-is-layout-flex\">\n<div class=\"wp-block-column shadow is-layout-flow wp-block-column-is-layout-flow\"><div class=\"wp-block-image zoom\">\n<figure class=\"aligncenter size-full\"><a href=\"https:\/\/www.gruasjmarin.com\/wp-content\/uploads\/2023\/01\/llenadora-imagen.jpg\"><img loading=\"lazy\" decoding=\"async\" width=\"945\" height=\"556\" src=\"https:\/\/www.gruasjmarin.com\/wp-content\/uploads\/2023\/01\/llenadora-imagen.jpg\" alt=\"\" class=\"wp-image-689\" srcset=\"https:\/\/www.gruasjmarin.com\/wp-content\/uploads\/2023\/01\/llenadora-imagen.jpg 945w, https:\/\/www.gruasjmarin.com\/wp-content\/uploads\/2023\/01\/llenadora-imagen-300x177.jpg 300w, https:\/\/www.gruasjmarin.com\/wp-content\/uploads\/2023\/01\/llenadora-imagen-768x452.jpg 768w\" sizes=\"auto, (max-width: 945px) 100vw, 945px\" \/><\/a><\/figure><\/div>\n\n\n<div style=\"height:20px\" aria-hidden=\"true\" class=\"wp-block-spacer\"><\/div>\n\n\n\n<h6 class=\"has-text-align-center wp-block-heading\">EMPLENADORA<\/h6>\n<\/div>\n\n\n\n<div class=\"wp-block-column shadow is-layout-flow wp-block-column-is-layout-flow\"><div class=\"wp-block-image zoom\">\n<figure class=\"aligncenter size-full\"><a href=\"https:\/\/www.gruasjmarin.com\/wp-content\/uploads\/2023\/01\/prensa-de-ajuste-de-moldes-imagen.jpg\"><img loading=\"lazy\" decoding=\"async\" width=\"945\" height=\"556\" src=\"https:\/\/www.gruasjmarin.com\/wp-content\/uploads\/2023\/01\/prensa-de-ajuste-de-moldes-imagen.jpg\" alt=\"\" class=\"wp-image-691\" srcset=\"https:\/\/www.gruasjmarin.com\/wp-content\/uploads\/2023\/01\/prensa-de-ajuste-de-moldes-imagen.jpg 945w, https:\/\/www.gruasjmarin.com\/wp-content\/uploads\/2023\/01\/prensa-de-ajuste-de-moldes-imagen-300x177.jpg 300w, https:\/\/www.gruasjmarin.com\/wp-content\/uploads\/2023\/01\/prensa-de-ajuste-de-moldes-imagen-768x452.jpg 768w\" sizes=\"auto, (max-width: 945px) 100vw, 945px\" \/><\/a><\/figure><\/div>\n\n\n<div style=\"height:20px\" aria-hidden=\"true\" class=\"wp-block-spacer\"><\/div>\n\n\n\n<h6 class=\"has-text-align-center wp-block-heading\">PREMSA AJUSTAMENT DE MOTLLES<\/h6>\n<\/div>\n\n\n\n<div class=\"wp-block-column shadow is-layout-flow wp-block-column-is-layout-flow\"><div class=\"wp-block-image zoom\">\n<figure class=\"aligncenter size-full\"><a href=\"https:\/\/www.gruasjmarin.com\/wp-content\/uploads\/2023\/01\/prensa-vinicola-imagen.jpg\"><img loading=\"lazy\" decoding=\"async\" width=\"945\" height=\"556\" src=\"https:\/\/www.gruasjmarin.com\/wp-content\/uploads\/2023\/01\/prensa-vinicola-imagen.jpg\" alt=\"\" class=\"wp-image-693\" srcset=\"https:\/\/www.gruasjmarin.com\/wp-content\/uploads\/2023\/01\/prensa-vinicola-imagen.jpg 945w, https:\/\/www.gruasjmarin.com\/wp-content\/uploads\/2023\/01\/prensa-vinicola-imagen-300x177.jpg 300w, https:\/\/www.gruasjmarin.com\/wp-content\/uploads\/2023\/01\/prensa-vinicola-imagen-768x452.jpg 768w\" sizes=\"auto, (max-width: 945px) 100vw, 945px\" \/><\/a><\/figure><\/div>\n\n\n<div style=\"height:20px\" aria-hidden=\"true\" class=\"wp-block-spacer\"><\/div>\n\n\n\n<h6 class=\"has-text-align-center wp-block-heading\">PREMSA VINICOLA<\/h6>\n<\/div>\n<\/div>\n\n<div class=\"wp-block-columns is-layout-flex wp-container-core-columns-is-layout-28f84493 wp-block-columns-is-layout-flex\">\n<div class=\"wp-block-column shadow is-layout-flow wp-block-column-is-layout-flow\"><div class=\"wp-block-image zoom\">\n<figure class=\"aligncenter size-full\"><a href=\"https:\/\/www.gruasjmarin.com\/wp-content\/uploads\/2023\/01\/prensa-estampacion-imagen.jpg\"><img loading=\"lazy\" decoding=\"async\" width=\"945\" height=\"556\" src=\"https:\/\/www.gruasjmarin.com\/wp-content\/uploads\/2023\/01\/prensa-estampacion-imagen.jpg\" alt=\"\" class=\"wp-image-692\" srcset=\"https:\/\/www.gruasjmarin.com\/wp-content\/uploads\/2023\/01\/prensa-estampacion-imagen.jpg 945w, https:\/\/www.gruasjmarin.com\/wp-content\/uploads\/2023\/01\/prensa-estampacion-imagen-300x177.jpg 300w, https:\/\/www.gruasjmarin.com\/wp-content\/uploads\/2023\/01\/prensa-estampacion-imagen-768x452.jpg 768w\" sizes=\"auto, (max-width: 945px) 100vw, 945px\" \/><\/a><\/figure><\/div>\n\n\n<div style=\"height:20px\" aria-hidden=\"true\" class=\"wp-block-spacer\"><\/div>\n\n\n\n<h6 class=\"has-text-align-center wp-block-heading\">PREMSA ESTAMPACI\u00d3<\/h6>\n<\/div>\n\n\n\n<div class=\"wp-block-column shadow is-layout-flow wp-block-column-is-layout-flow\"><div class=\"wp-block-image zoom\">\n<figure class=\"aligncenter size-full\"><a href=\"https:\/\/www.gruasjmarin.com\/wp-content\/uploads\/2023\/01\/inyectora-imagen.jpg\"><img loading=\"lazy\" decoding=\"async\" width=\"945\" height=\"556\" src=\"https:\/\/www.gruasjmarin.com\/wp-content\/uploads\/2023\/01\/inyectora-imagen.jpg\" alt=\"\" class=\"wp-image-687\" srcset=\"https:\/\/www.gruasjmarin.com\/wp-content\/uploads\/2023\/01\/inyectora-imagen.jpg 945w, https:\/\/www.gruasjmarin.com\/wp-content\/uploads\/2023\/01\/inyectora-imagen-300x177.jpg 300w, https:\/\/www.gruasjmarin.com\/wp-content\/uploads\/2023\/01\/inyectora-imagen-768x452.jpg 768w\" sizes=\"auto, (max-width: 945px) 100vw, 945px\" \/><\/a><\/figure><\/div>\n\n\n<div style=\"height:20px\" aria-hidden=\"true\" class=\"wp-block-spacer\"><\/div>\n\n\n\n<h6 class=\"has-text-align-center wp-block-heading\">INJECTORA DE PL\u00c0STIC<\/h6>\n<\/div>\n\n\n\n<div class=\"wp-block-column shadow is-layout-flow wp-block-column-is-layout-flow\"><div class=\"wp-block-image zoom\">\n<figure class=\"aligncenter size-full\"><a href=\"https:\/\/www.gruasjmarin.com\/wp-content\/uploads\/2023\/01\/mandrinadora-imagen.jpg\"><img loading=\"lazy\" decoding=\"async\" width=\"945\" height=\"556\" src=\"https:\/\/www.gruasjmarin.com\/wp-content\/uploads\/2023\/01\/mandrinadora-imagen.jpg\" alt=\"\" class=\"wp-image-690\" srcset=\"https:\/\/www.gruasjmarin.com\/wp-content\/uploads\/2023\/01\/mandrinadora-imagen.jpg 945w, https:\/\/www.gruasjmarin.com\/wp-content\/uploads\/2023\/01\/mandrinadora-imagen-300x177.jpg 300w, https:\/\/www.gruasjmarin.com\/wp-content\/uploads\/2023\/01\/mandrinadora-imagen-768x452.jpg 768w\" sizes=\"auto, (max-width: 945px) 100vw, 945px\" \/><\/a><\/figure><\/div>\n\n\n<div style=\"height:20px\" aria-hidden=\"true\" class=\"wp-block-spacer\"><\/div>\n\n\n\n<h6 class=\"has-text-align-center wp-block-heading\">MANDRINADORA<\/h6>\n<\/div>\n<\/div>\n\n<div class=\"wp-block-columns is-layout-flex wp-container-core-columns-is-layout-28f84493 wp-block-columns-is-layout-flex\">\n<div class=\"wp-block-column shadow is-layout-flow wp-block-column-is-layout-flow\"><div class=\"wp-block-image zoom\">\n<figure class=\"aligncenter size-full\"><a href=\"https:\/\/www.gruasjmarin.com\/wp-content\/uploads\/2023\/01\/autoclave-imagen.png\"><img loading=\"lazy\" decoding=\"async\" width=\"945\" height=\"556\" src=\"https:\/\/www.gruasjmarin.com\/wp-content\/uploads\/2023\/01\/autoclave-imagen.png\" alt=\"\" class=\"wp-image-682\" srcset=\"https:\/\/www.gruasjmarin.com\/wp-content\/uploads\/2023\/01\/autoclave-imagen.png 945w, https:\/\/www.gruasjmarin.com\/wp-content\/uploads\/2023\/01\/autoclave-imagen-300x177.png 300w, https:\/\/www.gruasjmarin.com\/wp-content\/uploads\/2023\/01\/autoclave-imagen-768x452.png 768w\" sizes=\"auto, (max-width: 945px) 100vw, 945px\" \/><\/a><\/figure><\/div>\n\n\n<div style=\"height:20px\" aria-hidden=\"true\" class=\"wp-block-spacer\"><\/div>\n\n\n\n<h6 class=\"has-text-align-center wp-block-heading\">AUTOCLAVE<\/h6>\n<\/div>\n\n\n\n<div class=\"wp-block-column shadow is-layout-flow wp-block-column-is-layout-flow\"><div class=\"wp-block-image zoom\">\n<figure class=\"aligncenter size-full\"><a href=\"https:\/\/www.gruasjmarin.com\/wp-content\/uploads\/2023\/01\/impresora-imagen.png\"><img loading=\"lazy\" decoding=\"async\" width=\"945\" height=\"556\" src=\"https:\/\/www.gruasjmarin.com\/wp-content\/uploads\/2023\/01\/impresora-imagen.png\" alt=\"\" class=\"wp-image-686\" srcset=\"https:\/\/www.gruasjmarin.com\/wp-content\/uploads\/2023\/01\/impresora-imagen.png 945w, https:\/\/www.gruasjmarin.com\/wp-content\/uploads\/2023\/01\/impresora-imagen-300x177.png 300w, https:\/\/www.gruasjmarin.com\/wp-content\/uploads\/2023\/01\/impresora-imagen-768x452.png 768w\" sizes=\"auto, (max-width: 945px) 100vw, 945px\" \/><\/a><\/figure><\/div>\n\n\n<div style=\"height:20px\" aria-hidden=\"true\" class=\"wp-block-spacer\"><\/div>\n\n\n\n<h6 class=\"has-text-align-center wp-block-heading\">IMPRESSORA<\/h6>\n<\/div>\n\n\n\n<div class=\"wp-block-column shadow is-layout-flow wp-block-column-is-layout-flow\"><div class=\"wp-block-image zoom\">\n<figure class=\"aligncenter size-full\"><a href=\"https:\/\/www.gruasjmarin.com\/wp-content\/uploads\/2023\/01\/centromecanizado-imagen.png\"><img loading=\"lazy\" decoding=\"async\" width=\"945\" height=\"556\" src=\"https:\/\/www.gruasjmarin.com\/wp-content\/uploads\/2023\/01\/centromecanizado-imagen.png\" alt=\"\" class=\"wp-image-684\" srcset=\"https:\/\/www.gruasjmarin.com\/wp-content\/uploads\/2023\/01\/centromecanizado-imagen.png 945w, https:\/\/www.gruasjmarin.com\/wp-content\/uploads\/2023\/01\/centromecanizado-imagen-300x177.png 300w, https:\/\/www.gruasjmarin.com\/wp-content\/uploads\/2023\/01\/centromecanizado-imagen-768x452.png 768w\" sizes=\"auto, (max-width: 945px) 100vw, 945px\" \/><\/a><\/figure><\/div>\n\n\n<div style=\"height:20px\" aria-hidden=\"true\" class=\"wp-block-spacer\"><\/div>\n\n\n\n<h6 class=\"has-text-align-center wp-block-heading\">CENTRE MECANITZAT<\/h6>\n<\/div>\n<\/div>\n\n<div class=\"wp-block-columns is-layout-flex wp-container-core-columns-is-layout-28f84493 wp-block-columns-is-layout-flex\">\n<div class=\"wp-block-column shadow is-layout-flow wp-block-column-is-layout-flow\"><div class=\"wp-block-image zoom\">\n<figure class=\"aligncenter size-full\"><a href=\"https:\/\/www.gruasjmarin.com\/wp-content\/uploads\/2023\/01\/estelirizadora-imagen.png\"><img loading=\"lazy\" decoding=\"async\" width=\"945\" height=\"556\" src=\"https:\/\/www.gruasjmarin.com\/wp-content\/uploads\/2023\/01\/estelirizadora-imagen.png\" alt=\"\" class=\"wp-image-685\" srcset=\"https:\/\/www.gruasjmarin.com\/wp-content\/uploads\/2023\/01\/estelirizadora-imagen.png 945w, https:\/\/www.gruasjmarin.com\/wp-content\/uploads\/2023\/01\/estelirizadora-imagen-300x177.png 300w, https:\/\/www.gruasjmarin.com\/wp-content\/uploads\/2023\/01\/estelirizadora-imagen-768x452.png 768w\" sizes=\"auto, (max-width: 945px) 100vw, 945px\" \/><\/a><\/figure><\/div>\n\n\n<div style=\"height:20px\" aria-hidden=\"true\" class=\"wp-block-spacer\"><\/div>\n\n\n\n<h6 class=\"has-text-align-center wp-block-heading\">ESTERILITZADORA<\/h6>\n<\/div>\n\n\n\n<div class=\"wp-block-column shadow is-layout-flow wp-block-column-is-layout-flow\"><div class=\"wp-block-image zoom\">\n<figure class=\"aligncenter size-full\"><a href=\"https:\/\/www.gruasjmarin.com\/wp-content\/uploads\/2023\/01\/linea-envasado-imagen.jpg\"><img loading=\"lazy\" decoding=\"async\" width=\"945\" height=\"556\" src=\"https:\/\/www.gruasjmarin.com\/wp-content\/uploads\/2023\/01\/linea-envasado-imagen.jpg\" alt=\"\" class=\"wp-image-688\" srcset=\"https:\/\/www.gruasjmarin.com\/wp-content\/uploads\/2023\/01\/linea-envasado-imagen.jpg 945w, https:\/\/www.gruasjmarin.com\/wp-content\/uploads\/2023\/01\/linea-envasado-imagen-300x177.jpg 300w, https:\/\/www.gruasjmarin.com\/wp-content\/uploads\/2023\/01\/linea-envasado-imagen-768x452.jpg 768w\" sizes=\"auto, (max-width: 945px) 100vw, 945px\" \/><\/a><\/figure><\/div>\n\n\n<div style=\"height:20px\" aria-hidden=\"true\" class=\"wp-block-spacer\"><\/div>\n\n\n\n<h6 class=\"has-text-align-center wp-block-heading\">L\u00cdNIA D&#8217;ENVASAT<\/h6>\n<\/div>\n\n\n\n<div class=\"wp-block-column shadow is-layout-flow wp-block-column-is-layout-flow\"><div class=\"wp-block-image zoom\">\n<figure class=\"aligncenter size-full\"><a href=\"https:\/\/www.gruasjmarin.com\/wp-content\/uploads\/2023\/01\/bancopruebas-imagen.png\"><img loading=\"lazy\" decoding=\"async\" width=\"945\" height=\"556\" src=\"https:\/\/www.gruasjmarin.com\/wp-content\/uploads\/2023\/01\/bancopruebas-imagen.png\" alt=\"\" class=\"wp-image-683\" srcset=\"https:\/\/www.gruasjmarin.com\/wp-content\/uploads\/2023\/01\/bancopruebas-imagen.png 945w, https:\/\/www.gruasjmarin.com\/wp-content\/uploads\/2023\/01\/bancopruebas-imagen-300x177.png 300w, https:\/\/www.gruasjmarin.com\/wp-content\/uploads\/2023\/01\/bancopruebas-imagen-768x452.png 768w\" sizes=\"auto, (max-width: 945px) 100vw, 945px\" \/><\/a><\/figure><\/div>\n\n\n<div style=\"height:20px\" aria-hidden=\"true\" class=\"wp-block-spacer\"><\/div>\n\n\n\n<h6 class=\"has-text-align-center wp-block-heading\">BANC DE PROVES<\/h6>\n<\/div>\n<\/div>\n\n<div style=\"height:50px\" aria-hidden=\"true\" class=\"wp-block-spacer\"><\/div>\n","protected":false},"excerpt":{"rendered":"<p>A Gruas J.Marin comptem amb l&#8217;experi\u00e8ncia i els recursos necessaris per realitzar trasllat de maquin\u00e0ria amb total seguretat i celeritat. Els nostres t\u00e8cnics els assessoraran per realitzar la feina de la manera m\u00e9s rendible per a la seva empresa tenint en compte les necessitats de cada client, com ara una [&hellip;]<\/p>\n","protected":false},"author":1,"featured_media":1202,"parent":0,"menu_order":0,"comment_status":"closed","ping_status":"closed","template":"page-templates\/template-fullwidth.php","meta":{"footnotes":""},"class_list":["post-1299","page","type-page","status-publish","has-post-thumbnail","hentry"],"yoast_head":"<!-- This site is optimized with the Yoast SEO plugin v25.5 - https:\/\/yoast.com\/wordpress\/plugins\/seo\/ -->\n<title>TRASLLAT DE MAQUIN\u00c0RIA - Gruas J Marin<\/title>\n<meta name=\"robots\" content=\"index, follow, max-snippet:-1, max-image-preview:large, max-video-preview:-1\" \/>\n<link rel=\"canonical\" href=\"https:\/\/www.gruasjmarin.com\/ca\/trasllat-de-maquinaria\/\" \/>\n<meta property=\"og:locale\" content=\"ca_ES\" \/>\n<meta property=\"og:type\" content=\"article\" \/>\n<meta property=\"og:title\" content=\"TRASLLAT DE MAQUIN\u00c0RIA - Gruas J Marin\" \/>\n<meta property=\"og:description\" content=\"A Gruas J.Marin comptem amb l&#8217;experi\u00e8ncia i els recursos necessaris per realitzar trasllat de maquin\u00e0ria amb total seguretat i celeritat. Els nostres t\u00e8cnics els assessoraran per realitzar la feina de la manera m\u00e9s rendible per a la seva empresa tenint en compte les necessitats de cada client, com ara una [&hellip;]\" \/>\n<meta property=\"og:url\" content=\"https:\/\/www.gruasjmarin.com\/ca\/trasllat-de-maquinaria\/\" \/>\n<meta property=\"og:site_name\" content=\"Gruas J Marin\" \/>\n<meta property=\"article:publisher\" content=\"https:\/\/www.facebook.com\/gruasjmarin\/\" \/>\n<meta property=\"article:modified_time\" content=\"2023-02-22T10:21:22+00:00\" \/>\n<meta property=\"og:image\" content=\"https:\/\/www.gruasjmarin.com\/wp-content\/uploads\/2023\/01\/centromecanizado-imagen.png\" \/>\n\t<meta property=\"og:image:width\" content=\"945\" \/>\n\t<meta property=\"og:image:height\" content=\"556\" \/>\n\t<meta property=\"og:image:type\" content=\"image\/png\" \/>\n<meta name=\"twitter:card\" content=\"summary_large_image\" \/>\n<meta name=\"twitter:site\" content=\"@GRUASJMARIN\" \/>\n<script type=\"application\/ld+json\" class=\"yoast-schema-graph\">{\"@context\":\"https:\/\/schema.org\",\"@graph\":[{\"@type\":\"WebPage\",\"@id\":\"https:\/\/www.gruasjmarin.com\/ca\/trasllat-de-maquinaria\/\",\"url\":\"https:\/\/www.gruasjmarin.com\/ca\/trasllat-de-maquinaria\/\",\"name\":\"TRASLLAT DE MAQUIN\u00c0RIA - Gruas J Marin\",\"isPartOf\":{\"@id\":\"https:\/\/www.gruasjmarin.com\/ca\/#website\"},\"primaryImageOfPage\":{\"@id\":\"https:\/\/www.gruasjmarin.com\/ca\/trasllat-de-maquinaria\/#primaryimage\"},\"image\":{\"@id\":\"https:\/\/www.gruasjmarin.com\/ca\/trasllat-de-maquinaria\/#primaryimage\"},\"thumbnailUrl\":\"https:\/\/www.gruasjmarin.com\/wp-content\/uploads\/2023\/01\/centromecanizado-imagen.png\",\"datePublished\":\"2023-01-11T09:43:15+00:00\",\"dateModified\":\"2023-02-22T10:21:22+00:00\",\"breadcrumb\":{\"@id\":\"https:\/\/www.gruasjmarin.com\/ca\/trasllat-de-maquinaria\/#breadcrumb\"},\"inLanguage\":\"ca\",\"potentialAction\":[{\"@type\":\"ReadAction\",\"target\":[\"https:\/\/www.gruasjmarin.com\/ca\/trasllat-de-maquinaria\/\"]}]},{\"@type\":\"ImageObject\",\"inLanguage\":\"ca\",\"@id\":\"https:\/\/www.gruasjmarin.com\/ca\/trasllat-de-maquinaria\/#primaryimage\",\"url\":\"https:\/\/www.gruasjmarin.com\/wp-content\/uploads\/2023\/01\/centromecanizado-imagen.png\",\"contentUrl\":\"https:\/\/www.gruasjmarin.com\/wp-content\/uploads\/2023\/01\/centromecanizado-imagen.png\",\"width\":945,\"height\":556,\"caption\":\"Traslado centro de mecanizado\"},{\"@type\":\"BreadcrumbList\",\"@id\":\"https:\/\/www.gruasjmarin.com\/ca\/trasllat-de-maquinaria\/#breadcrumb\",\"itemListElement\":[{\"@type\":\"ListItem\",\"position\":1,\"name\":\"Inici\",\"item\":\"https:\/\/www.gruasjmarin.com\/ca\/\"},{\"@type\":\"ListItem\",\"position\":2,\"name\":\"TRASLLAT DE MAQUIN\u00c0RIA\"}]},{\"@type\":\"WebSite\",\"@id\":\"https:\/\/www.gruasjmarin.com\/ca\/#website\",\"url\":\"https:\/\/www.gruasjmarin.com\/ca\/\",\"name\":\"Gr\u00faas J.Marin\",\"description\":\"Especialitat en trasllat de maquin\u00e0ria\",\"publisher\":{\"@id\":\"https:\/\/www.gruasjmarin.com\/ca\/#organization\"},\"potentialAction\":[{\"@type\":\"SearchAction\",\"target\":{\"@type\":\"EntryPoint\",\"urlTemplate\":\"https:\/\/www.gruasjmarin.com\/ca\/?s={search_term_string}\"},\"query-input\":{\"@type\":\"PropertyValueSpecification\",\"valueRequired\":true,\"valueName\":\"search_term_string\"}}],\"inLanguage\":\"ca\"},{\"@type\":\"Organization\",\"@id\":\"https:\/\/www.gruasjmarin.com\/ca\/#organization\",\"name\":\"Gr\u00faas J.Marin\",\"url\":\"https:\/\/www.gruasjmarin.com\/ca\/\",\"logo\":{\"@type\":\"ImageObject\",\"inLanguage\":\"ca\",\"@id\":\"https:\/\/www.gruasjmarin.com\/ca\/#\/schema\/logo\/image\/\",\"url\":\"https:\/\/www.gruasjmarin.com\/wp-content\/uploads\/2022\/12\/logo.png\",\"contentUrl\":\"https:\/\/www.gruasjmarin.com\/wp-content\/uploads\/2022\/12\/logo.png\",\"width\":413,\"height\":72,\"caption\":\"Gr\u00faas J.Marin\"},\"image\":{\"@id\":\"https:\/\/www.gruasjmarin.com\/ca\/#\/schema\/logo\/image\/\"},\"sameAs\":[\"https:\/\/www.facebook.com\/gruasjmarin\/\",\"https:\/\/x.com\/GRUASJMARIN\",\"http:\/\/linkedin.com\/company\/gruasjmarin\"]}]}<\/script>\n<!-- \/ Yoast SEO plugin. -->","yoast_head_json":{"title":"TRASLLAT DE MAQUIN\u00c0RIA - Gruas J Marin","robots":{"index":"index","follow":"follow","max-snippet":"max-snippet:-1","max-image-preview":"max-image-preview:large","max-video-preview":"max-video-preview:-1"},"canonical":"https:\/\/www.gruasjmarin.com\/ca\/trasllat-de-maquinaria\/","og_locale":"ca_ES","og_type":"article","og_title":"TRASLLAT DE MAQUIN\u00c0RIA - Gruas J Marin","og_description":"A Gruas J.Marin comptem amb l&#8217;experi\u00e8ncia i els recursos necessaris per realitzar trasllat de maquin\u00e0ria amb total seguretat i celeritat. Els nostres t\u00e8cnics els assessoraran per realitzar la feina de la manera m\u00e9s rendible per a la seva empresa tenint en compte les necessitats de cada client, com ara una [&hellip;]","og_url":"https:\/\/www.gruasjmarin.com\/ca\/trasllat-de-maquinaria\/","og_site_name":"Gruas J Marin","article_publisher":"https:\/\/www.facebook.com\/gruasjmarin\/","article_modified_time":"2023-02-22T10:21:22+00:00","og_image":[{"width":945,"height":556,"url":"https:\/\/www.gruasjmarin.com\/wp-content\/uploads\/2023\/01\/centromecanizado-imagen.png","type":"image\/png"}],"twitter_card":"summary_large_image","twitter_site":"@GRUASJMARIN","schema":{"@context":"https:\/\/schema.org","@graph":[{"@type":"WebPage","@id":"https:\/\/www.gruasjmarin.com\/ca\/trasllat-de-maquinaria\/","url":"https:\/\/www.gruasjmarin.com\/ca\/trasllat-de-maquinaria\/","name":"TRASLLAT DE MAQUIN\u00c0RIA - Gruas J Marin","isPartOf":{"@id":"https:\/\/www.gruasjmarin.com\/ca\/#website"},"primaryImageOfPage":{"@id":"https:\/\/www.gruasjmarin.com\/ca\/trasllat-de-maquinaria\/#primaryimage"},"image":{"@id":"https:\/\/www.gruasjmarin.com\/ca\/trasllat-de-maquinaria\/#primaryimage"},"thumbnailUrl":"https:\/\/www.gruasjmarin.com\/wp-content\/uploads\/2023\/01\/centromecanizado-imagen.png","datePublished":"2023-01-11T09:43:15+00:00","dateModified":"2023-02-22T10:21:22+00:00","breadcrumb":{"@id":"https:\/\/www.gruasjmarin.com\/ca\/trasllat-de-maquinaria\/#breadcrumb"},"inLanguage":"ca","potentialAction":[{"@type":"ReadAction","target":["https:\/\/www.gruasjmarin.com\/ca\/trasllat-de-maquinaria\/"]}]},{"@type":"ImageObject","inLanguage":"ca","@id":"https:\/\/www.gruasjmarin.com\/ca\/trasllat-de-maquinaria\/#primaryimage","url":"https:\/\/www.gruasjmarin.com\/wp-content\/uploads\/2023\/01\/centromecanizado-imagen.png","contentUrl":"https:\/\/www.gruasjmarin.com\/wp-content\/uploads\/2023\/01\/centromecanizado-imagen.png","width":945,"height":556,"caption":"Traslado centro de mecanizado"},{"@type":"BreadcrumbList","@id":"https:\/\/www.gruasjmarin.com\/ca\/trasllat-de-maquinaria\/#breadcrumb","itemListElement":[{"@type":"ListItem","position":1,"name":"Inici","item":"https:\/\/www.gruasjmarin.com\/ca\/"},{"@type":"ListItem","position":2,"name":"TRASLLAT DE MAQUIN\u00c0RIA"}]},{"@type":"WebSite","@id":"https:\/\/www.gruasjmarin.com\/ca\/#website","url":"https:\/\/www.gruasjmarin.com\/ca\/","name":"Gr\u00faas J.Marin","description":"Especialitat en trasllat de maquin\u00e0ria","publisher":{"@id":"https:\/\/www.gruasjmarin.com\/ca\/#organization"},"potentialAction":[{"@type":"SearchAction","target":{"@type":"EntryPoint","urlTemplate":"https:\/\/www.gruasjmarin.com\/ca\/?s={search_term_string}"},"query-input":{"@type":"PropertyValueSpecification","valueRequired":true,"valueName":"search_term_string"}}],"inLanguage":"ca"},{"@type":"Organization","@id":"https:\/\/www.gruasjmarin.com\/ca\/#organization","name":"Gr\u00faas J.Marin","url":"https:\/\/www.gruasjmarin.com\/ca\/","logo":{"@type":"ImageObject","inLanguage":"ca","@id":"https:\/\/www.gruasjmarin.com\/ca\/#\/schema\/logo\/image\/","url":"https:\/\/www.gruasjmarin.com\/wp-content\/uploads\/2022\/12\/logo.png","contentUrl":"https:\/\/www.gruasjmarin.com\/wp-content\/uploads\/2022\/12\/logo.png","width":413,"height":72,"caption":"Gr\u00faas J.Marin"},"image":{"@id":"https:\/\/www.gruasjmarin.com\/ca\/#\/schema\/logo\/image\/"},"sameAs":["https:\/\/www.facebook.com\/gruasjmarin\/","https:\/\/x.com\/GRUASJMARIN","http:\/\/linkedin.com\/company\/gruasjmarin"]}]}},"_links":{"self":[{"href":"https:\/\/www.gruasjmarin.com\/ca\/wp-json\/wp\/v2\/pages\/1299","targetHints":{"allow":["GET"]}}],"collection":[{"href":"https:\/\/www.gruasjmarin.com\/ca\/wp-json\/wp\/v2\/pages"}],"about":[{"href":"https:\/\/www.gruasjmarin.com\/ca\/wp-json\/wp\/v2\/types\/page"}],"author":[{"embeddable":true,"href":"https:\/\/www.gruasjmarin.com\/ca\/wp-json\/wp\/v2\/users\/1"}],"replies":[{"embeddable":true,"href":"https:\/\/www.gruasjmarin.com\/ca\/wp-json\/wp\/v2\/comments?post=1299"}],"version-history":[{"count":1,"href":"https:\/\/www.gruasjmarin.com\/ca\/wp-json\/wp\/v2\/pages\/1299\/revisions"}],"predecessor-version":[{"id":1300,"href":"https:\/\/www.gruasjmarin.com\/ca\/wp-json\/wp\/v2\/pages\/1299\/revisions\/1300"}],"wp:featuredmedia":[{"embeddable":true,"href":"https:\/\/www.gruasjmarin.com\/ca\/wp-json\/wp\/v2\/media\/1202"}],"wp:attachment":[{"href":"https:\/\/www.gruasjmarin.com\/ca\/wp-json\/wp\/v2\/media?parent=1299"}],"curies":[{"name":"wp","href":"https:\/\/api.w.org\/{rel}","templated":true}]}}